{"id":1156,"date":"2022-10-27T18:43:28","date_gmt":"2022-10-27T16:43:28","guid":{"rendered":"https:\/\/fslogo.rwth-aachen.de\/?page_id=1156"},"modified":"2023-01-05T14:37:41","modified_gmt":"2023-01-05T13:37:41","slug":"donnerstagskolloquium","status":"publish","type":"page","link":"https:\/\/fslogo.rwth-aachen.de\/index.php\/donnerstagskolloquium\/","title":{"rendered":"Donnerstagskolloquium"},"content":{"rendered":"\n<h4>Was?<\/h4>\n\n\n\n<p>Das Donnerstagskolloquium findet jedes Semester w\u00f6chentlich statt. Es gibt immer ein Programm, das zu Beginn des Semesters von Herrn Heim per E-Mail verschickt wird.<\/p>\n\n\n\n<p>Im Kolloquium tragen die Masterstudierenden ihre Masterarbeits-Projekte vor. Diese k\u00f6nnen zu dem Vortrags-Zeitpunkt am Beginn, mittendrin oder schon am Ende der Planung und Durchf\u00fchrung stehen. Au\u00dferdem gibt es immer wieder spannende Gastvortr\u00e4ge mit logop\u00e4dischem Schwerpunkt zu h\u00f6ren. <\/p>\n\n\n\n<h4>Wann?<\/h4>\n\n\n\n<p>Jeden Donnerstag im Semester (au\u00dfer es steht anders im Programm) um 12:30 Uhr<\/p>\n\n\n\n<h4>Wo?<\/h4>\n\n\n\n<p>Dieses Semester im H\u00f6rsaal 1 im UKA<\/p>\n\n\n\n<h4>Wer?<\/h4>\n\n\n\n<p>Die Vortr\u00e4ge werden von den Masterstudierenden, Dozierenden oder Gastredner:innen gehalten.<\/p>\n\n\n\n<p>Anh\u00f6ren kann sich die Vortr\u00e4ge jeder aus unserem Studiengang. Teilweise ist es auch Pflicht.<\/p>\n","protected":false},"excerpt":{"rendered":"<p>Was? Das Donnerstagskolloquium findet jedes Semester w\u00f6chentlich statt. Es gibt immer ein Programm, das zu Beginn des Semesters von Herrn Heim per E-Mail verschickt wird. Im Kolloquium tragen die Masterstudierenden ihre Masterarbeits-Projekte vor. Diese k\u00f6nnen zu dem Vortrags-Zeitpunkt am Beginn, mittendrin oder schon am Ende der Planung und Durchf\u00fchrung stehen. [&hellip;]<\/p>\n","protected":false},"author":9,"featured_media":0,"parent":0,"menu_order":0,"comment_status":"closed","ping_status":"closed","template":"","meta":[],"aioseo_notices":[],"_links":{"self":[{"href":"https:\/\/fslogo.rwth-aachen.de\/index.php\/wp-json\/wp\/v2\/pages\/1156"}],"collection":[{"href":"https:\/\/fslogo.rwth-aachen.de\/index.php\/wp-json\/wp\/v2\/pages"}],"about":[{"href":"https:\/\/fslogo.rwth-aachen.de\/index.php\/wp-json\/wp\/v2\/types\/page"}],"author":[{"embeddable":true,"href":"https:\/\/fslogo.rwth-aachen.de\/index.php\/wp-json\/wp\/v2\/users\/9"}],"replies":[{"embeddable":true,"href":"https:\/\/fslogo.rwth-aachen.de\/index.php\/wp-json\/wp\/v2\/comments?post=1156"}],"version-history":[{"count":3,"href":"https:\/\/fslogo.rwth-aachen.de\/index.php\/wp-json\/wp\/v2\/pages\/1156\/revisions"}],"predecessor-version":[{"id":1566,"href":"https:\/\/fslogo.rwth-aachen.de\/index.php\/wp-json\/wp\/v2\/pages\/1156\/revisions\/1566"}],"wp:attachment":[{"href":"https:\/\/fslogo.rwth-aachen.de\/index.php\/wp-json\/wp\/v2\/media?parent=1156"}],"curies":[{"name":"wp","href":"https:\/\/api.w.org\/{rel}","templated":true}]}}