{"id":1246,"date":"2022-11-09T19:35:32","date_gmt":"2022-11-09T18:35:32","guid":{"rendered":"https:\/\/fslogo.rwth-aachen.de\/?page_id=1246"},"modified":"2023-05-10T18:55:49","modified_gmt":"2023-05-10T16:55:49","slug":"onboarding","status":"publish","type":"page","link":"https:\/\/fslogo.rwth-aachen.de\/index.php\/onboarding\/","title":{"rendered":"Soziale Aktivit\u00e4ten\/Onboarding"},"content":{"rendered":"\n<h2>Was sind soziale Aktivit\u00e4ten?<\/h2>\n\n\n\n<p>Alle Freizeit-Aktivit\u00e4ten, die die Fachschaft f\u00fcr uns Logop\u00e4die-Studierende veranstaltet, um gemeinsam Spa\u00df zu haben und sich gegenseitig kennenzulernen, fallen darunter.<\/p>\n\n\n\n<p>Hierbei muss von Studierenden immer ein kleiner Beitrag Eigenbeteiligung gezahlt werden. D.h. die Fachschaft organisiert das Event, kann aber nicht die gesamten Kosten \u00fcbernehmen.<\/p>\n\n\n\n<h2>Was ist Onboarding? <\/h2>\n\n\n\n<p>Onboarding sind Aktivit\u00e4ten, die sich meist an die Ersti-Woche anschlie\u00dfen und in den Bereich soziale Aktivit\u00e4ten fallen. Erstis m\u00fcssen f\u00fcr diese Aktivit\u00e4ten meist nichts zahlen.<\/p>\n\n\n\n<p>Da unser Studiengang so klein ist, k\u00f6nnen bei uns aber meistens alle Studierenden bei diesen Aktivit\u00e4ten mitmachen (nicht nur &#8220;die Erstis&#8221;). F\u00fcr alle anderen sind das dann aber &#8220;normale&#8221; soziale Aktivit\u00e4ten mit finanzieller Eigenbeteiligung.<\/p>\n\n\n\n<hr class=\"wp-block-separator\"\/>\n\n\n\n<div class=\"wp-block-buttons\">\n<div class=\"wp-block-button is-style-fill\"><a class=\"wp-block-button__link\">SoSe 23<\/a><\/div>\n\n\n\n<div class=\"wp-block-button\"><a class=\"wp-block-button__link\" href=\"#2223\">WiSe 22\/23<\/a><\/div>\n\n\n\n<div class=\"wp-block-button is-style-fill\"><a class=\"wp-block-button__link\" href=\"#22\">SoSe 22<\/a><\/div>\n<\/div>\n\n\n\n<h2>SoSe 23<\/h2>\n\n\n\n<h4>Escape Room<\/h4>\n\n\n\n<p>Alle Logop\u00e4die-Studierenden konnten sich zum Escape-Room-Event anmelden und teilnehmen. Insgesamt haben 27 Student:innen teilgenommen und sich uf die folgenden R\u00e4ume verteilt: \u201eStranger Things\u201c, \u201eOne night in Paris\u201c, \u201eDie Hexer von Kaer Morhen\u201c und \u201eHarrison Jones und seine Steine\u201c .<\/p>\n\n\n\n<p>Alle Gruppen schafften es, in der erlaubte Zeit die R\u00e4tsel zu l\u00f6sen.<br>Wir hoffen, es hat allen Spa\u00df gemacht!<\/p>\n\n\n\n<figure class=\"wp-block-gallery columns-3 is-cropped\"><ul class=\"blocks-gallery-grid\"><li class=\"blocks-gallery-item\"><figure><img loading=\"lazy\" width=\"1024\" height=\"768\" src=\"https:\/\/fslogo.rwth-aachen.de\/wp-content\/uploads\/2023\/05\/cf804df0-949d-483f-9df5-1ceb0a797b8e-1024x768.jpg\" alt=\"\" data-id=\"2286\" data-full-url=\"https:\/\/fslogo.rwth-aachen.de\/wp-content\/uploads\/2023\/05\/cf804df0-949d-483f-9df5-1ceb0a797b8e.jpg\" data-link=\"https:\/\/fslogo.rwth-aachen.de\/index.php\/onboarding\/cf804df0-949d-483f-9df5-1ceb0a797b8e\/\" class=\"wp-image-2286\" srcset=\"https:\/\/fslogo.rwth-aachen.de\/wp-content\/uploads\/2023\/05\/cf804df0-949d-483f-9df5-1ceb0a797b8e-1024x768.jpg 1024w, https:\/\/fslogo.rwth-aachen.de\/wp-content\/uploads\/2023\/05\/cf804df0-949d-483f-9df5-1ceb0a797b8e-300x225.jpg 300w, https:\/\/fslogo.rwth-aachen.de\/wp-content\/uploads\/2023\/05\/cf804df0-949d-483f-9df5-1ceb0a797b8e-768x576.jpg 768w, https:\/\/fslogo.rwth-aachen.de\/wp-content\/uploads\/2023\/05\/cf804df0-949d-483f-9df5-1ceb0a797b8e-1536x1152.jpg 1536w, https:\/\/fslogo.rwth-aachen.de\/wp-content\/uploads\/2023\/05\/cf804df0-949d-483f-9df5-1ceb0a797b8e.jpg 2016w\" sizes=\"(max-width: 1024px) 100vw, 1024px\" \/><\/figure><\/li><li class=\"blocks-gallery-item\"><figure><img loading=\"lazy\" width=\"1024\" height=\"768\" src=\"https:\/\/fslogo.rwth-aachen.de\/wp-content\/uploads\/2023\/05\/57c33424-aca1-4b0d-8a6e-0408ad7765fc-1024x768.jpg\" alt=\"\" data-id=\"2282\" data-full-url=\"https:\/\/fslogo.rwth-aachen.de\/wp-content\/uploads\/2023\/05\/57c33424-aca1-4b0d-8a6e-0408ad7765fc.jpg\" data-link=\"https:\/\/fslogo.rwth-aachen.de\/index.php\/onboarding\/57c33424-aca1-4b0d-8a6e-0408ad7765fc\/\" class=\"wp-image-2282\" srcset=\"https:\/\/fslogo.rwth-aachen.de\/wp-content\/uploads\/2023\/05\/57c33424-aca1-4b0d-8a6e-0408ad7765fc-1024x768.jpg 1024w, https:\/\/fslogo.rwth-aachen.de\/wp-content\/uploads\/2023\/05\/57c33424-aca1-4b0d-8a6e-0408ad7765fc-300x225.jpg 300w, https:\/\/fslogo.rwth-aachen.de\/wp-content\/uploads\/2023\/05\/57c33424-aca1-4b0d-8a6e-0408ad7765fc-768x576.jpg 768w, https:\/\/fslogo.rwth-aachen.de\/wp-content\/uploads\/2023\/05\/57c33424-aca1-4b0d-8a6e-0408ad7765fc-1536x1152.jpg 1536w, https:\/\/fslogo.rwth-aachen.de\/wp-content\/uploads\/2023\/05\/57c33424-aca1-4b0d-8a6e-0408ad7765fc.jpg 2016w\" sizes=\"(max-width: 1024px) 100vw, 1024px\" \/><\/figure><\/li><li class=\"blocks-gallery-item\"><figure><img loading=\"lazy\" width=\"1024\" height=\"768\" src=\"https:\/\/fslogo.rwth-aachen.de\/wp-content\/uploads\/2023\/05\/0557db1d-db6b-444c-adf3-21529808b02c-1024x768.jpg\" alt=\"\" data-id=\"2284\" data-full-url=\"https:\/\/fslogo.rwth-aachen.de\/wp-content\/uploads\/2023\/05\/0557db1d-db6b-444c-adf3-21529808b02c.jpg\" data-link=\"https:\/\/fslogo.rwth-aachen.de\/index.php\/onboarding\/0557db1d-db6b-444c-adf3-21529808b02c\/\" class=\"wp-image-2284\" srcset=\"https:\/\/fslogo.rwth-aachen.de\/wp-content\/uploads\/2023\/05\/0557db1d-db6b-444c-adf3-21529808b02c-1024x768.jpg 1024w, https:\/\/fslogo.rwth-aachen.de\/wp-content\/uploads\/2023\/05\/0557db1d-db6b-444c-adf3-21529808b02c-300x225.jpg 300w, https:\/\/fslogo.rwth-aachen.de\/wp-content\/uploads\/2023\/05\/0557db1d-db6b-444c-adf3-21529808b02c-768x576.jpg 768w, https:\/\/fslogo.rwth-aachen.de\/wp-content\/uploads\/2023\/05\/0557db1d-db6b-444c-adf3-21529808b02c-1536x1152.jpg 1536w, https:\/\/fslogo.rwth-aachen.de\/wp-content\/uploads\/2023\/05\/0557db1d-db6b-444c-adf3-21529808b02c.jpg 2016w\" sizes=\"(max-width: 1024px) 100vw, 1024px\" \/><\/figure><\/li><li class=\"blocks-gallery-item\"><figure><img loading=\"lazy\" width=\"1024\" height=\"768\" src=\"https:\/\/fslogo.rwth-aachen.de\/wp-content\/uploads\/2023\/05\/762dd618-eb5b-43aa-b73a-54ff7671ac9c-1024x768.jpg\" alt=\"\" data-id=\"2285\" data-full-url=\"https:\/\/fslogo.rwth-aachen.de\/wp-content\/uploads\/2023\/05\/762dd618-eb5b-43aa-b73a-54ff7671ac9c.jpg\" data-link=\"https:\/\/fslogo.rwth-aachen.de\/index.php\/onboarding\/762dd618-eb5b-43aa-b73a-54ff7671ac9c\/\" class=\"wp-image-2285\" srcset=\"https:\/\/fslogo.rwth-aachen.de\/wp-content\/uploads\/2023\/05\/762dd618-eb5b-43aa-b73a-54ff7671ac9c-1024x768.jpg 1024w, https:\/\/fslogo.rwth-aachen.de\/wp-content\/uploads\/2023\/05\/762dd618-eb5b-43aa-b73a-54ff7671ac9c-300x225.jpg 300w, https:\/\/fslogo.rwth-aachen.de\/wp-content\/uploads\/2023\/05\/762dd618-eb5b-43aa-b73a-54ff7671ac9c-768x576.jpg 768w, https:\/\/fslogo.rwth-aachen.de\/wp-content\/uploads\/2023\/05\/762dd618-eb5b-43aa-b73a-54ff7671ac9c-1536x1152.jpg 1536w, https:\/\/fslogo.rwth-aachen.de\/wp-content\/uploads\/2023\/05\/762dd618-eb5b-43aa-b73a-54ff7671ac9c.jpg 2016w\" sizes=\"(max-width: 1024px) 100vw, 1024px\" \/><\/figure><\/li><li class=\"blocks-gallery-item\"><figure><img loading=\"lazy\" width=\"768\" height=\"1024\" src=\"https:\/\/fslogo.rwth-aachen.de\/wp-content\/uploads\/2023\/05\/d51be1a6-5610-4733-8cb6-b29b2835175d-768x1024.jpg\" alt=\"\" data-id=\"2287\" data-full-url=\"https:\/\/fslogo.rwth-aachen.de\/wp-content\/uploads\/2023\/05\/d51be1a6-5610-4733-8cb6-b29b2835175d.jpg\" data-link=\"https:\/\/fslogo.rwth-aachen.de\/index.php\/onboarding\/d51be1a6-5610-4733-8cb6-b29b2835175d\/\" class=\"wp-image-2287\" srcset=\"https:\/\/fslogo.rwth-aachen.de\/wp-content\/uploads\/2023\/05\/d51be1a6-5610-4733-8cb6-b29b2835175d-768x1024.jpg 768w, https:\/\/fslogo.rwth-aachen.de\/wp-content\/uploads\/2023\/05\/d51be1a6-5610-4733-8cb6-b29b2835175d-225x300.jpg 225w, https:\/\/fslogo.rwth-aachen.de\/wp-content\/uploads\/2023\/05\/d51be1a6-5610-4733-8cb6-b29b2835175d-1152x1536.jpg 1152w, https:\/\/fslogo.rwth-aachen.de\/wp-content\/uploads\/2023\/05\/d51be1a6-5610-4733-8cb6-b29b2835175d.jpg 1512w\" sizes=\"(max-width: 768px) 100vw, 768px\" \/><figcaption class=\"blocks-gallery-item__caption\">Gruppenbild mit allen auf einmal \ud83d\ude42<\/figcaption><\/figure><\/li><\/ul><\/figure>\n\n\n\n<hr class=\"wp-block-separator\"\/>\n\n\n\n<h2 id=\"2223\">WiSe 2022\/23<\/h2>\n\n\n\n<h4>Schlitttschuhlaufen<\/h4>\n\n\n\n<p>Gemeinsames Schlittschuhlaufen stand auf dem Programm als abendliches Entspannungsprogramm bevor der Pr\u00fcfungsstress uns alle vollends ereilt. Sch\u00f6n, dass ihr da wart! Wir freuen uns immer sehr \u00fcber jede:n einzelne:n Teilnehmende:n.<\/p>\n\n\n\n<figure class=\"wp-block-gallery columns-1 is-cropped\"><ul class=\"blocks-gallery-grid\"><li class=\"blocks-gallery-item\"><figure><img loading=\"lazy\" width=\"1024\" height=\"768\" src=\"https:\/\/fslogo.rwth-aachen.de\/wp-content\/uploads\/2023\/01\/GetFileAttachment-3-1024x768.jpg\" alt=\"\" data-id=\"1819\" data-full-url=\"https:\/\/fslogo.rwth-aachen.de\/wp-content\/uploads\/2023\/01\/GetFileAttachment-3.jpg\" data-link=\"https:\/\/fslogo.rwth-aachen.de\/index.php\/gemeinsames-schlittschuhlaufen\/getfileattachment-3-4\/\" class=\"wp-image-1819\" srcset=\"https:\/\/fslogo.rwth-aachen.de\/wp-content\/uploads\/2023\/01\/GetFileAttachment-3-1024x768.jpg 1024w, https:\/\/fslogo.rwth-aachen.de\/wp-content\/uploads\/2023\/01\/GetFileAttachment-3-300x225.jpg 300w, https:\/\/fslogo.rwth-aachen.de\/wp-content\/uploads\/2023\/01\/GetFileAttachment-3-768x576.jpg 768w, https:\/\/fslogo.rwth-aachen.de\/wp-content\/uploads\/2023\/01\/GetFileAttachment-3.jpg 1280w\" sizes=\"(max-width: 1024px) 100vw, 1024px\" \/><\/figure><\/li><li class=\"blocks-gallery-item\"><figure><img loading=\"lazy\" width=\"768\" height=\"1024\" src=\"https:\/\/fslogo.rwth-aachen.de\/wp-content\/uploads\/2023\/01\/GetFileAttachment-2-768x1024.jpg\" alt=\"\" data-id=\"1818\" data-full-url=\"https:\/\/fslogo.rwth-aachen.de\/wp-content\/uploads\/2023\/01\/GetFileAttachment-2.jpg\" data-link=\"https:\/\/fslogo.rwth-aachen.de\/index.php\/gemeinsames-schlittschuhlaufen\/getfileattachment-2-5\/\" class=\"wp-image-1818\" srcset=\"https:\/\/fslogo.rwth-aachen.de\/wp-content\/uploads\/2023\/01\/GetFileAttachment-2-768x1024.jpg 768w, https:\/\/fslogo.rwth-aachen.de\/wp-content\/uploads\/2023\/01\/GetFileAttachment-2-225x300.jpg 225w, https:\/\/fslogo.rwth-aachen.de\/wp-content\/uploads\/2023\/01\/GetFileAttachment-2.jpg 960w\" sizes=\"(max-width: 768px) 100vw, 768px\" \/><\/figure><\/li><\/ul><\/figure>\n\n\n\n<h4>Lasertag<\/h4>\n\n\n\n<p>Wir waren im Rahmen der Onboarding-Aktivit\u00e4ten Lasertag spielen. F\u00fcr die Erstis hie\u00df das kostenloser Eintritt. Eingeladen waren aber alle Logo-Studierende. Und so konnten wir uns freuen, dass Bachelor- und Masterstudierende zusammen alles gegeben haben.<\/p>\n\n\n\n<figure class=\"wp-block-gallery columns-3 is-cropped\"><ul class=\"blocks-gallery-grid\"><li class=\"blocks-gallery-item\"><figure><img loading=\"lazy\" width=\"1024\" height=\"576\" src=\"https:\/\/fslogo.rwth-aachen.de\/wp-content\/uploads\/2022\/11\/GetFileAttachment-3-2-1024x576.jpg\" alt=\"\" data-id=\"1345\" data-link=\"https:\/\/fslogo.rwth-aachen.de\/index.php\/onboarding\/getfileattachment-3-2\/\" class=\"wp-image-1345\" srcset=\"https:\/\/fslogo.rwth-aachen.de\/wp-content\/uploads\/2022\/11\/GetFileAttachment-3-2-1024x576.jpg 1024w, https:\/\/fslogo.rwth-aachen.de\/wp-content\/uploads\/2022\/11\/GetFileAttachment-3-2-300x169.jpg 300w, https:\/\/fslogo.rwth-aachen.de\/wp-content\/uploads\/2022\/11\/GetFileAttachment-3-2-768x432.jpg 768w, https:\/\/fslogo.rwth-aachen.de\/wp-content\/uploads\/2022\/11\/GetFileAttachment-3-2-1280x720.jpg 1280w, https:\/\/fslogo.rwth-aachen.de\/wp-content\/uploads\/2022\/11\/GetFileAttachment-3-2-1536x864.jpg 1536w, https:\/\/fslogo.rwth-aachen.de\/wp-content\/uploads\/2022\/11\/GetFileAttachment-3-2.jpg 2048w\" sizes=\"(max-width: 1024px) 100vw, 1024px\" \/><figcaption class=\"blocks-gallery-item__caption\">Die Spacecowgirls<\/figcaption><\/figure><\/li><li class=\"blocks-gallery-item\"><figure><img loading=\"lazy\" width=\"1024\" height=\"576\" src=\"https:\/\/fslogo.rwth-aachen.de\/wp-content\/uploads\/2022\/11\/GetFileAttachment-2-2-1024x576.jpg\" alt=\"\" data-id=\"1348\" data-link=\"https:\/\/fslogo.rwth-aachen.de\/index.php\/onboarding\/getfileattachment-2-2\/\" class=\"wp-image-1348\" srcset=\"https:\/\/fslogo.rwth-aachen.de\/wp-content\/uploads\/2022\/11\/GetFileAttachment-2-2-1024x576.jpg 1024w, https:\/\/fslogo.rwth-aachen.de\/wp-content\/uploads\/2022\/11\/GetFileAttachment-2-2-300x169.jpg 300w, https:\/\/fslogo.rwth-aachen.de\/wp-content\/uploads\/2022\/11\/GetFileAttachment-2-2-768x432.jpg 768w, https:\/\/fslogo.rwth-aachen.de\/wp-content\/uploads\/2022\/11\/GetFileAttachment-2-2-1280x720.jpg 1280w, https:\/\/fslogo.rwth-aachen.de\/wp-content\/uploads\/2022\/11\/GetFileAttachment-2-2-1536x864.jpg 1536w, https:\/\/fslogo.rwth-aachen.de\/wp-content\/uploads\/2022\/11\/GetFileAttachment-2-2.jpg 2048w\" sizes=\"(max-width: 1024px) 100vw, 1024px\" \/><figcaption class=\"blocks-gallery-item__caption\">Die Endgegner<\/figcaption><\/figure><\/li><li class=\"blocks-gallery-item\"><figure><img loading=\"lazy\" width=\"1024\" height=\"576\" src=\"https:\/\/fslogo.rwth-aachen.de\/wp-content\/uploads\/2022\/11\/GetFileAttachment-1-2-1024x576.jpg\" alt=\"\" data-id=\"1349\" data-full-url=\"https:\/\/fslogo.rwth-aachen.de\/wp-content\/uploads\/2022\/11\/GetFileAttachment-1-2.jpg\" data-link=\"https:\/\/fslogo.rwth-aachen.de\/index.php\/onboarding\/getfileattachment-1-2\/\" class=\"wp-image-1349\" srcset=\"https:\/\/fslogo.rwth-aachen.de\/wp-content\/uploads\/2022\/11\/GetFileAttachment-1-2-1024x576.jpg 1024w, https:\/\/fslogo.rwth-aachen.de\/wp-content\/uploads\/2022\/11\/GetFileAttachment-1-2-300x169.jpg 300w, https:\/\/fslogo.rwth-aachen.de\/wp-content\/uploads\/2022\/11\/GetFileAttachment-1-2-768x432.jpg 768w, https:\/\/fslogo.rwth-aachen.de\/wp-content\/uploads\/2022\/11\/GetFileAttachment-1-2-1280x720.jpg 1280w, https:\/\/fslogo.rwth-aachen.de\/wp-content\/uploads\/2022\/11\/GetFileAttachment-1-2-1536x864.jpg 1536w, https:\/\/fslogo.rwth-aachen.de\/wp-content\/uploads\/2022\/11\/GetFileAttachment-1-2.jpg 2048w\" sizes=\"(max-width: 1024px) 100vw, 1024px\" \/><figcaption class=\"blocks-gallery-item__caption\">Die Epilierer<\/figcaption><\/figure><\/li><li class=\"blocks-gallery-item\"><figure><img loading=\"lazy\" width=\"1024\" height=\"576\" src=\"https:\/\/fslogo.rwth-aachen.de\/wp-content\/uploads\/2022\/11\/GetFileAttachment-5-1024x576.jpg\" alt=\"\" data-id=\"1346\" data-link=\"https:\/\/fslogo.rwth-aachen.de\/index.php\/onboarding\/getfileattachment-5\/\" class=\"wp-image-1346\" srcset=\"https:\/\/fslogo.rwth-aachen.de\/wp-content\/uploads\/2022\/11\/GetFileAttachment-5-1024x576.jpg 1024w, https:\/\/fslogo.rwth-aachen.de\/wp-content\/uploads\/2022\/11\/GetFileAttachment-5-300x169.jpg 300w, https:\/\/fslogo.rwth-aachen.de\/wp-content\/uploads\/2022\/11\/GetFileAttachment-5-768x432.jpg 768w, https:\/\/fslogo.rwth-aachen.de\/wp-content\/uploads\/2022\/11\/GetFileAttachment-5-1280x720.jpg 1280w, https:\/\/fslogo.rwth-aachen.de\/wp-content\/uploads\/2022\/11\/GetFileAttachment-5-1536x864.jpg 1536w, https:\/\/fslogo.rwth-aachen.de\/wp-content\/uploads\/2022\/11\/GetFileAttachment-5.jpg 2048w\" sizes=\"(max-width: 1024px) 100vw, 1024px\" \/><figcaption class=\"blocks-gallery-item__caption\">Das Sektfr\u00fchst\u00fcck<\/figcaption><\/figure><\/li><\/ul><\/figure>\n\n\n\n<p>Es hat wirklich viel Spa\u00df gemacht und wir haben uns alle ins Zeug gelegt. Wir konnten in vier Teams gegeneinander antreten und hatten am Ende ein ganz klares Gewinnerteam: das Sektfr\u00fchst\u00fcck!<\/p>\n\n\n\n<figure class=\"wp-block-image size-large is-resized\"><img loading=\"lazy\" src=\"https:\/\/fslogo.rwth-aachen.de\/wp-content\/uploads\/2022\/11\/GetFileAttachment-4-2-1024x576.jpg\" alt=\"\" class=\"wp-image-1350\" width=\"674\" height=\"379\" srcset=\"https:\/\/fslogo.rwth-aachen.de\/wp-content\/uploads\/2022\/11\/GetFileAttachment-4-2-1024x576.jpg 1024w, https:\/\/fslogo.rwth-aachen.de\/wp-content\/uploads\/2022\/11\/GetFileAttachment-4-2-300x169.jpg 300w, https:\/\/fslogo.rwth-aachen.de\/wp-content\/uploads\/2022\/11\/GetFileAttachment-4-2-768x432.jpg 768w, https:\/\/fslogo.rwth-aachen.de\/wp-content\/uploads\/2022\/11\/GetFileAttachment-4-2-1280x720.jpg 1280w, https:\/\/fslogo.rwth-aachen.de\/wp-content\/uploads\/2022\/11\/GetFileAttachment-4-2-1536x864.jpg 1536w, https:\/\/fslogo.rwth-aachen.de\/wp-content\/uploads\/2022\/11\/GetFileAttachment-4-2.jpg 2048w\" sizes=\"(max-width: 674px) 100vw, 674px\" \/><figcaption>Gruppenbild danach&#8230; v\u00f6llig ersch\u00f6pft&#8230;<\/figcaption><\/figure>\n\n\n\n<p>Vielen Dank an die veranstaltenden Personen unserer Fachschaft! War ein cooler Abend! \ud83d\ude42<\/p>\n\n\n\n<hr class=\"wp-block-separator\"\/>\n\n\n\n<h2 id=\"22\">SoSe 2022<\/h2>\n\n\n\n<p>Dieses Jahr in Folge der Erstiwoche im Sommersemester haben wir verschiedenen Onboarding-Aktivit\u00e4ten geplant und mit euch auch umgesetzt. <\/p>\n\n\n\n<p>Wir waren gemeinsam in der Pontstra\u00dfe etwas Essen, waren gemeinsam Kegeln und haben es zweimal in diesem Sommer geschafft gemeinsam zu grillen. Unsere Grillanz\u00fcndeskills haben sich hierbei auf jeden Fall verbessert. <\/p>\n\n\n\n<figure class=\"wp-block-image size-large\"><img loading=\"lazy\" width=\"654\" height=\"713\" src=\"https:\/\/fslogo.rwth-aachen.de\/wp-content\/uploads\/2022\/07\/6.png\" alt=\"\" class=\"wp-image-910\" srcset=\"https:\/\/fslogo.rwth-aachen.de\/wp-content\/uploads\/2022\/07\/6.png 654w, https:\/\/fslogo.rwth-aachen.de\/wp-content\/uploads\/2022\/07\/6-275x300.png 275w\" sizes=\"(max-width: 654px) 100vw, 654px\" \/><\/figure>\n\n\n\n<p><\/p>\n","protected":false},"excerpt":{"rendered":"<p>Was sind soziale Aktivit\u00e4ten? Alle Freizeit-Aktivit\u00e4ten, die die Fachschaft f\u00fcr uns Logop\u00e4die-Studierende veranstaltet, um gemeinsam Spa\u00df zu haben und sich gegenseitig kennenzulernen, fallen darunter. Hierbei muss von Studierenden immer ein kleiner Beitrag Eigenbeteiligung gezahlt werden. D.h. die Fachschaft organisiert das Event, kann aber nicht die gesamten Kosten \u00fcbernehmen. Was ist [&hellip;]<\/p>\n","protected":false},"author":9,"featured_media":0,"parent":0,"menu_order":0,"comment_status":"closed","ping_status":"closed","template":"","meta":[],"aioseo_notices":[],"_links":{"self":[{"href":"https:\/\/fslogo.rwth-aachen.de\/index.php\/wp-json\/wp\/v2\/pages\/1246"}],"collection":[{"href":"https:\/\/fslogo.rwth-aachen.de\/index.php\/wp-json\/wp\/v2\/pages"}],"about":[{"href":"https:\/\/fslogo.rwth-aachen.de\/index.php\/wp-json\/wp\/v2\/types\/page"}],"author":[{"embeddable":true,"href":"https:\/\/fslogo.rwth-aachen.de\/index.php\/wp-json\/wp\/v2\/users\/9"}],"replies":[{"embeddable":true,"href":"https:\/\/fslogo.rwth-aachen.de\/index.php\/wp-json\/wp\/v2\/comments?post=1246"}],"version-history":[{"count":17,"href":"https:\/\/fslogo.rwth-aachen.de\/index.php\/wp-json\/wp\/v2\/pages\/1246\/revisions"}],"predecessor-version":[{"id":2296,"href":"https:\/\/fslogo.rwth-aachen.de\/index.php\/wp-json\/wp\/v2\/pages\/1246\/revisions\/2296"}],"wp:attachment":[{"href":"https:\/\/fslogo.rwth-aachen.de\/index.php\/wp-json\/wp\/v2\/media?parent=1246"}],"curies":[{"name":"wp","href":"https:\/\/api.w.org\/{rel}","templated":true}]}}