{"id":1255,"date":"2022-11-09T19:41:22","date_gmt":"2022-11-09T18:41:22","guid":{"rendered":"https:\/\/fslogo.rwth-aachen.de\/?page_id=1255"},"modified":"2022-12-10T00:17:21","modified_gmt":"2022-12-09T23:17:21","slug":"weihnachtsfeier","status":"publish","type":"page","link":"https:\/\/fslogo.rwth-aachen.de\/index.php\/weihnachtsfeier\/","title":{"rendered":"Weihnachtszeit"},"content":{"rendered":"\n<div class=\"wp-block-cover has-background-dim\" style=\"min-height:119px\"><img loading=\"lazy\" width=\"2560\" height=\"1707\" class=\"wp-block-cover__image-background wp-image-1529\" alt=\"\" src=\"https:\/\/fslogo.rwth-aachen.de\/wp-content\/uploads\/2022\/12\/pexels-\u4e00-\u5f90-980859-scaled.jpg\" data-object-fit=\"cover\" srcset=\"https:\/\/fslogo.rwth-aachen.de\/wp-content\/uploads\/2022\/12\/pexels-\u4e00-\u5f90-980859-scaled.jpg 2560w, https:\/\/fslogo.rwth-aachen.de\/wp-content\/uploads\/2022\/12\/pexels-\u4e00-\u5f90-980859-300x200.jpg 300w, https:\/\/fslogo.rwth-aachen.de\/wp-content\/uploads\/2022\/12\/pexels-\u4e00-\u5f90-980859-1024x683.jpg 1024w, https:\/\/fslogo.rwth-aachen.de\/wp-content\/uploads\/2022\/12\/pexels-\u4e00-\u5f90-980859-768x512.jpg 768w, https:\/\/fslogo.rwth-aachen.de\/wp-content\/uploads\/2022\/12\/pexels-\u4e00-\u5f90-980859-1536x1024.jpg 1536w, https:\/\/fslogo.rwth-aachen.de\/wp-content\/uploads\/2022\/12\/pexels-\u4e00-\u5f90-980859-2048x1365.jpg 2048w\" sizes=\"(max-width: 2560px) 100vw, 2560px\" \/><div class=\"wp-block-cover__inner-container\">\n<p class=\"has-text-align-center has-large-font-size\">Weihnachtsmarkt-Treff 2022<\/p>\n<\/div><\/div>\n\n\n\n<p>Liebe Studierende, die Fachschaft l\u00e4dt Euch herzlich zum gemeinsamen Zusammensein bei Gl\u00fchwein, Punsch, Kakao oder \u00c4hnlichem ein. Wir treffen uns am 19.12.22 um 19:00 Uhr am \u00d6cher Gl\u00fchweintreff. Es wird dieses Jahr wieder gewichtelt und die Wichtelgeschenke werden hier \u00fcbergeben. Wer Lust hat, kann sich \u00fcber den Link, der per Mail versendet wurde, gerne eintragen! Ansonsten freuen wir uns einfach Euch kennenzulernen und einen entspannten Abend bei netten Gespr\u00e4chen zu verbringen. <\/p>\n\n\n\n<hr class=\"wp-block-separator\"\/>\n\n\n\n<div class=\"wp-block-cover has-background-dim has-custom-content-position is-position-bottom-center\" style=\"min-height:186px\"><img loading=\"lazy\" width=\"1044\" height=\"597\" class=\"wp-block-cover__image-background wp-image-1260\" alt=\"\" src=\"https:\/\/fslogo.rwth-aachen.de\/wp-content\/uploads\/2022\/11\/Weihnachten.png\" data-object-fit=\"cover\" srcset=\"https:\/\/fslogo.rwth-aachen.de\/wp-content\/uploads\/2022\/11\/Weihnachten.png 1044w, https:\/\/fslogo.rwth-aachen.de\/wp-content\/uploads\/2022\/11\/Weihnachten-300x172.png 300w, https:\/\/fslogo.rwth-aachen.de\/wp-content\/uploads\/2022\/11\/Weihnachten-1024x586.png 1024w, https:\/\/fslogo.rwth-aachen.de\/wp-content\/uploads\/2022\/11\/Weihnachten-768x439.png 768w\" sizes=\"(max-width: 1044px) 100vw, 1044px\" \/><div class=\"wp-block-cover__inner-container\">\n<p class=\"has-text-align-center has-large-font-size\">Logo-Weihnachtsfeier 2020<\/p>\n<\/div><\/div>\n\n\n\n<p>Liebe Studierdende, die Fachschaft l\u00e4dt euch herzlich zur virtuellen Logo-Weihnachtsfeier ein! Diese findet am 17.12.2020 ab 18 Uhr statt. Das Programm der Weihnachtsfeier ist folgenderma\u00dfen: Auspacken der Wichtelgeschenke, weihnachtliches Quiz und Spiele und anschlie\u00dfend gem\u00fctliches Ausklingen mit Gl\u00fchwein und Pl\u00e4tzchen. Wenn ihr wichteln m\u00f6chtet, m\u00fcsst ihr euch vorher verbindlich anmelden. Alle weiteren Informationen findet ihr in euren RWTH-Mails. Wir w\u00fcnschen euch bis dahin eine sch\u00f6ne erholsame Weihnachtszeit und freuen uns auf einen gem\u00fctlichen Abend mit euch.<\/p>\n","protected":false},"excerpt":{"rendered":"<p>Liebe Studierende, die Fachschaft l\u00e4dt Euch herzlich zum gemeinsamen Zusammensein bei Gl\u00fchwein, Punsch, Kakao oder \u00c4hnlichem ein. Wir treffen uns am 19.12.22 um 19:00 Uhr am \u00d6cher Gl\u00fchweintreff. Es wird dieses Jahr wieder gewichtelt und die Wichtelgeschenke werden hier \u00fcbergeben. Wer Lust hat, kann sich \u00fcber den Link, der per [&hellip;]<\/p>\n","protected":false},"author":9,"featured_media":0,"parent":0,"menu_order":0,"comment_status":"closed","ping_status":"closed","template":"","meta":[],"aioseo_notices":[],"_links":{"self":[{"href":"https:\/\/fslogo.rwth-aachen.de\/index.php\/wp-json\/wp\/v2\/pages\/1255"}],"collection":[{"href":"https:\/\/fslogo.rwth-aachen.de\/index.php\/wp-json\/wp\/v2\/pages"}],"about":[{"href":"https:\/\/fslogo.rwth-aachen.de\/index.php\/wp-json\/wp\/v2\/types\/page"}],"author":[{"embeddable":true,"href":"https:\/\/fslogo.rwth-aachen.de\/index.php\/wp-json\/wp\/v2\/users\/9"}],"replies":[{"embeddable":true,"href":"https:\/\/fslogo.rwth-aachen.de\/index.php\/wp-json\/wp\/v2\/comments?post=1255"}],"version-history":[{"count":3,"href":"https:\/\/fslogo.rwth-aachen.de\/index.php\/wp-json\/wp\/v2\/pages\/1255\/revisions"}],"predecessor-version":[{"id":1530,"href":"https:\/\/fslogo.rwth-aachen.de\/index.php\/wp-json\/wp\/v2\/pages\/1255\/revisions\/1530"}],"wp:attachment":[{"href":"https:\/\/fslogo.rwth-aachen.de\/index.php\/wp-json\/wp\/v2\/media?parent=1255"}],"curies":[{"name":"wp","href":"https:\/\/api.w.org\/{rel}","templated":true}]}}