{"id":1384,"date":"2022-11-23T20:51:41","date_gmt":"2022-11-23T19:51:41","guid":{"rendered":"https:\/\/fslogo.rwth-aachen.de\/?page_id=1384"},"modified":"2023-01-26T13:04:23","modified_gmt":"2023-01-26T12:04:23","slug":"lola","status":"publish","type":"page","link":"https:\/\/fslogo.rwth-aachen.de\/index.php\/lola\/","title":{"rendered":"LoLA"},"content":{"rendered":"\n<h2 id=\"LoLA\"><strong>Lo<\/strong>gop\u00e4die <strong>L<\/strong>ehrepreis <strong>A<\/strong>achen<\/h2>\n\n\n\n<p>Mit dem LoLA zeichnen wir Studierenden unsere Dozent:innen f\u00fcr herausragende Lehrleistungen aus. Er ist der Ausdruck unserer Wertsch\u00e4tzung des Engagements unserer Dozierenden und unseres Danks daf\u00fcr. LoLA gibt es seit 2021. Die Gewinner:innen werden beim Novemberkolloquium bekanntgegeben und geehrt.<\/p>\n\n\n\n<p>Die Bewertung erfolgt nicht anhand objektiver Kriterien sondern subjektiv durch die Wahrnehmung aller Logop\u00e4die-Studierenden. Organisiert wird das Ganze vom Lehre-Team der Fachschaft.<\/p>\n\n\n\n<p>Das Wahl-Verfahren findet bisher per Mail und Online-Abstimmungstool statt.<\/p>\n\n\n\n<div class=\"wp-block-media-text alignwide has-media-on-the-right is-stacked-on-mobile is-vertically-aligned-top\" style=\"grid-template-columns:auto 36%\"><figure class=\"wp-block-media-text__media\"><img loading=\"lazy\" width=\"1024\" height=\"1024\" src=\"https:\/\/fslogo.rwth-aachen.de\/wp-content\/uploads\/2023\/01\/trophy-1674911_1280-1024x1024.png\" alt=\"\" class=\"wp-image-1869 size-full\" srcset=\"https:\/\/fslogo.rwth-aachen.de\/wp-content\/uploads\/2023\/01\/trophy-1674911_1280-1024x1024.png 1024w, https:\/\/fslogo.rwth-aachen.de\/wp-content\/uploads\/2023\/01\/trophy-1674911_1280-300x300.png 300w, https:\/\/fslogo.rwth-aachen.de\/wp-content\/uploads\/2023\/01\/trophy-1674911_1280-150x150.png 150w, https:\/\/fslogo.rwth-aachen.de\/wp-content\/uploads\/2023\/01\/trophy-1674911_1280-768x768.png 768w, https:\/\/fslogo.rwth-aachen.de\/wp-content\/uploads\/2023\/01\/trophy-1674911_1280-400x400.png 400w, https:\/\/fslogo.rwth-aachen.de\/wp-content\/uploads\/2023\/01\/trophy-1674911_1280-100x100.png 100w, https:\/\/fslogo.rwth-aachen.de\/wp-content\/uploads\/2023\/01\/trophy-1674911_1280.png 1280w\" sizes=\"(max-width: 1024px) 100vw, 1024px\" \/><\/figure><div class=\"wp-block-media-text__content\">\n<ol><li>Phase: Alle Logop\u00e4diestudierenden haben die M\u00f6glichkeit Dozierende ihrer Wahl zu nominieren.<\/li><li>Phase: jede:r Studierende hat drei Stimmen, die er:sie an die nominierten Dozierenden vergeben kann.<\/li><li>Phase: die ersten drei Pl\u00e4tze werden durch das Lehre-Team ermittelt<\/li><\/ol>\n<\/div><\/div>\n\n\n\n<hr class=\"wp-block-separator\"\/>\n\n\n\n<h3>2022<\/h3>\n\n\n\n<figure class=\"wp-block-table\"><table><tbody><tr><td>Platz<\/td><td>Preistr\u00e4ger:innen<\/td><\/tr><tr><td>1.<\/td><td>Dr. Dipl.-Log. Julia Pape-Neumann<\/td><\/tr><tr><td>2.<\/td><td>Stefanie Mantey, M. A.<\/td><\/tr><tr><td>3.<\/td><td>apl.-Prof. Dr. rer. nat. Stefan Heim<\/td><\/tr><\/tbody><\/table><figcaption>Herzlichen Gl\u00fcckwunsch an alle Preistr\u00e4ger:innen!<\/figcaption><\/figure>\n\n\n\n<hr class=\"wp-block-separator\"\/>\n\n\n\n<h3>2021<\/h3>\n\n\n\n<figure class=\"wp-block-table\"><table><tbody><tr><td>Platz<\/td><td>Preistr\u00e4ger:innen<\/td><\/tr><tr><td>1.<\/td><td>Nina Jacobs, M. Sc.<\/td><\/tr><tr><td>2.<\/td><td>Dr. Dipl.-Log. Julia Pape-Neumann<\/td><\/tr><tr><td>3.<\/td><td>PD Dr. phil. Bruno Fimm<\/td><\/tr><\/tbody><\/table><figcaption>Herzlichen Gl\u00fcckwunsch an alle Preistr\u00e4ger:innen!<\/figcaption><\/figure>\n","protected":false},"excerpt":{"rendered":"<p>Logop\u00e4die Lehrepreis Aachen Mit dem LoLA zeichnen wir Studierenden unsere Dozent:innen f\u00fcr herausragende Lehrleistungen aus. Er ist der Ausdruck unserer Wertsch\u00e4tzung des Engagements unserer Dozierenden und unseres Danks daf\u00fcr. LoLA gibt es seit 2021. Die Gewinner:innen werden beim Novemberkolloquium bekanntgegeben und geehrt. Die Bewertung erfolgt nicht anhand objektiver Kriterien sondern [&hellip;]<\/p>\n","protected":false},"author":9,"featured_media":0,"parent":0,"menu_order":0,"comment_status":"closed","ping_status":"closed","template":"","meta":[],"aioseo_notices":[],"_links":{"self":[{"href":"https:\/\/fslogo.rwth-aachen.de\/index.php\/wp-json\/wp\/v2\/pages\/1384"}],"collection":[{"href":"https:\/\/fslogo.rwth-aachen.de\/index.php\/wp-json\/wp\/v2\/pages"}],"about":[{"href":"https:\/\/fslogo.rwth-aachen.de\/index.php\/wp-json\/wp\/v2\/types\/page"}],"author":[{"embeddable":true,"href":"https:\/\/fslogo.rwth-aachen.de\/index.php\/wp-json\/wp\/v2\/users\/9"}],"replies":[{"embeddable":true,"href":"https:\/\/fslogo.rwth-aachen.de\/index.php\/wp-json\/wp\/v2\/comments?post=1384"}],"version-history":[{"count":17,"href":"https:\/\/fslogo.rwth-aachen.de\/index.php\/wp-json\/wp\/v2\/pages\/1384\/revisions"}],"predecessor-version":[{"id":1878,"href":"https:\/\/fslogo.rwth-aachen.de\/index.php\/wp-json\/wp\/v2\/pages\/1384\/revisions\/1878"}],"wp:attachment":[{"href":"https:\/\/fslogo.rwth-aachen.de\/index.php\/wp-json\/wp\/v2\/media?parent=1384"}],"curies":[{"name":"wp","href":"https:\/\/api.w.org\/{rel}","templated":true}]}}