{"id":157,"date":"2018-03-15T11:47:13","date_gmt":"2018-03-15T10:47:13","guid":{"rendered":"https:\/\/fslogo.rwth-aachen.de\/?page_id=157"},"modified":"2025-01-28T19:51:09","modified_gmt":"2025-01-28T18:51:09","slug":"impressum","status":"publish","type":"page","link":"https:\/\/fslogo.rwth-aachen.de\/index.php\/impressum\/","title":{"rendered":"Impressum"},"content":{"rendered":"\n<p><strong>SOCIAL MEDIA KAN\u00c4LE&nbsp;<\/strong><\/p>\n\n\n\n<div class=\"wp-block-media-text alignwide is-stacked-on-mobile\" style=\"grid-template-columns:25% auto\"><figure class=\"wp-block-media-text__media\"><img loading=\"lazy\" width=\"611\" height=\"398\" src=\"https:\/\/fslogo.rwth-aachen.de\/wp-content\/uploads\/2022\/11\/social-media-g9d1cfcc9c_1280-2-1.png\" alt=\"\" class=\"wp-image-1319 size-full\" srcset=\"https:\/\/fslogo.rwth-aachen.de\/wp-content\/uploads\/2022\/11\/social-media-g9d1cfcc9c_1280-2-1.png 611w, https:\/\/fslogo.rwth-aachen.de\/wp-content\/uploads\/2022\/11\/social-media-g9d1cfcc9c_1280-2-1-300x195.png 300w\" sizes=\"(max-width: 611px) 100vw, 611px\" \/><\/figure><div class=\"wp-block-media-text__content\">\n<p>Instagram: @fslogo_rwth&nbsp;<\/p>\n\n\n\n<p>Facebook: @Fachschaft Logop\u00e4die der RWTH Aachen<\/p>\n<\/div><\/div>\n\n\n<hr \/>\n<p><span style=\"color: #000000;\">Dieses Internetangebot ist ein Angebot von der Fachschaft Logop\u00e4die an der RWTH Aachen.<\/span><\/p>\n<p><\/p>\n<p><span style=\"color: #000000;\"><strong>ADRESSE DER FACHSCHAFT<\/strong><\/span><\/p>\n<p><span style=\"color: #000000;\">Universit\u00e4tsklinikum Aachen<br \/>Anstalt des \u00f6ffentlichen Rechts (A\u00f6R)<br \/>Ausbildungsakademie f\u00fcr Gesundheitsberufe Fachbereich Logop\u00e4die<br \/>Sekretariat<br \/><\/span>Pauwelsstra\u00dfe 30<br \/>52074 Aachen<\/p>\n<p><strong>ADRESSE DES FACHSCHAFTSRAUMS<br \/><\/strong><\/p>\n<p><span>Fachschaft Logop\u00e4die der RWTH Aachen<br \/><\/span><span style=\"color: #000000;\">Eupener Stra\u00dfe 22<br \/><\/span><span style=\"color: #000000;\">52066 Aachen<\/span>\u00a0<\/p>\n<p><strong>Hiermit wird der werblichen Nutzung der Kontaktdaten explizit widersprochen und eine Kontaktaufnahme zu Werbezwecken bzw. das unverlangte Zusenden von Werbematerial ausdr\u00fccklich untersagt.<\/strong><\/p>\n<hr \/>\n<p><strong>SPRECHZEITEN \/ \u00d6FFNUNGSZEITEN<\/strong><\/p>\n<p>Die Fachschaft Logop\u00e4die hat <strong>weder feste \u00d6ffnungs- noch Sprechzeiten<\/strong>.<\/p>\n<p><strong>Erstsemester \/ Studieninteressierte<\/strong>:<strong>\u00a0<\/strong>F\u00fcr allgemeine Fragen zum Studiengang Logop\u00e4die besuche bitte die Webseite des <a href=\"http:\/\/www.rwth-aachen.de\/cms\/root\/Studium\/Vor-dem-Studium\/Studiengaenge\/Liste-Aktuelle-Studiengaenge\/Studiengangbeschreibung\/~bzsu\/Logopaedie-B-Sc-Ausbildungsintegrierend\/\">Bachelor of Science<\/a> oder des <a href=\"http:\/\/www.rwth-aachen.de\/cms\/root\/Studium\/Vor-dem-Studium\/Studiengaenge\/Liste-Aktuelle-Studiengaenge\/Studiengangbeschreibung\/~bkgo\/Lehr-und-Forschungslogopaedie-M-Sc-\/\">Master of Science<\/a>.<\/p>\n<p>Bei Fragen zum Studium oder weiterem Gespr\u00e4chsbedarf kann gerne <strong>Kontakt \u00fcber\u00a0<\/strong><a href=\"mailto:fs@fslogo.rwth-aachen.de\">fs@fslogo.rwth-aachen.de<\/a> zu uns aufgenommen und ein Termin vereinbart werden. Um individueller beraten zu k\u00f6nnen bitten wir jedoch darum, dass sich der oder die Studieninteressierte direkt mit uns in Verbindung setzt, da erfahrungsgem\u00e4\u00df Anfragen \u00fcber Dritte (bspw. Freunde, Eltern, \u2026) selten dem Beratungsbedarf des Betreffenden gerecht werden.<\/p>\n<p><\/p>\n<hr \/>\n<p><strong>URHEBERRECHT<\/strong><\/p>\n<p>Alle Texte und Fotos in diesem Internet-Auftritt sind Eigentum der Fachschaft Logop\u00e4die an der RWTH-Aachen.<\/p>\n<p>Verwendete Logos von Fremdprojekten und Unternehmen sind Eigentum der jeweiligen Rechteinhaber.<\/p>\n<p>Die Informationen zum Studium wurden uns freundlicherweise von Frau M. Franssen zur Verf\u00fcgung gestellt. Jede Form der weiteren fremden Nutzung bedarf der ausdr\u00fccklichen Genehmigung. \u00c4nderungen jederzeit vorbehalten. Wir geben keine Gew\u00e4hr f\u00fcr Richtigkeit und Vollst\u00e4ndigkeit der Angaben.<\/p>\n<hr \/>\n<p><strong>HINWEIS ZU EXTERNEN LINKS<\/strong><\/p>\n<p>Die im Rahmen von <a href=\"http:\/\/www.fslogo.rwth-aachen.de\">www.fslogo.rwth-aachen.de<\/a> weiterverweisenden externen Links zu Angeboten Dritter f\u00fchren zu Inhalten der jeweiligen Anbieter und unterliegen nicht der Zust\u00e4ndigkeit der Fachschaft Logop\u00e4die der RWTH Aachen.<\/p>\n<p>Diese entsprechenden Verweise sind als solche aus dem Zusammenhang erkennbar oder gesondert gekennzeichnet. Wir haben keinerlei Einflu\u00df auf die dort bereitgehaltenen Inhalte und machen uns diese durch die Verweise nicht zueigen. Insbesondere distanzieren wir uns ausdr\u00fccklich von den dort abrufbaren \u00c4u\u00dferungen.<\/p>\n<p>Eine Verantwortlichkeit kann im \u00fcbrigen nur begr\u00fcndet werden, wenn wir Kenntnis von Rechtsverletzungen haben und es uns technisch m\u00f6glich und zumutbar ist, deren Nutzung zu verhindern (\u00a7 5 Abs. 2 TDG \/ MDStV).<\/p>\n<p>Wir haben die fremden Inhalte auf m\u00f6gliche Rechtsverletzungen in einem uns zumutbaren Umfang \u00fcberpr\u00fcft. Verletzungen von Urheber-, Marken- oder Pers\u00f6nlichkeitsrechten oder Verst\u00f6\u00dfe gegen das Wettbewerbsrecht auf den Webseiten der Drittanbieter waren nicht augenscheinlich und sind uns ebensowenig bekannt wie eine dortige Erf\u00fcllung von Straftatbest\u00e4nden.<\/p>","protected":false},"excerpt":{"rendered":"<p>SOCIAL MEDIA KAN\u00c4LE&nbsp; Instagram: @fslogo_rwth&nbsp; Facebook: @Fachschaft Logop\u00e4die der RWTH Aachen Dieses Internetangebot ist ein Angebot von der Fachschaft Logop\u00e4die an der RWTH Aachen. ADRESSE DER FACHSCHAFT Universit\u00e4tsklinikum AachenAnstalt des \u00f6ffentlichen Rechts (A\u00f6R)Ausbildungsakademie f\u00fcr Gesundheitsberufe Fachbereich Logop\u00e4dieSekretariatPauwelsstra\u00dfe 3052074 Aachen ADRESSE DES FACHSCHAFTSRAUMS Fachschaft Logop\u00e4die der RWTH AachenEupener Stra\u00dfe 2252066 Aachen\u00a0 [&hellip;]<\/p>\n","protected":false},"author":4,"featured_media":0,"parent":0,"menu_order":0,"comment_status":"closed","ping_status":"closed","template":"","meta":[],"aioseo_notices":[],"_links":{"self":[{"href":"https:\/\/fslogo.rwth-aachen.de\/index.php\/wp-json\/wp\/v2\/pages\/157"}],"collection":[{"href":"https:\/\/fslogo.rwth-aachen.de\/index.php\/wp-json\/wp\/v2\/pages"}],"about":[{"href":"https:\/\/fslogo.rwth-aachen.de\/index.php\/wp-json\/wp\/v2\/types\/page"}],"author":[{"embeddable":true,"href":"https:\/\/fslogo.rwth-aachen.de\/index.php\/wp-json\/wp\/v2\/users\/4"}],"replies":[{"embeddable":true,"href":"https:\/\/fslogo.rwth-aachen.de\/index.php\/wp-json\/wp\/v2\/comments?post=157"}],"version-history":[{"count":11,"href":"https:\/\/fslogo.rwth-aachen.de\/index.php\/wp-json\/wp\/v2\/pages\/157\/revisions"}],"predecessor-version":[{"id":2494,"href":"https:\/\/fslogo.rwth-aachen.de\/index.php\/wp-json\/wp\/v2\/pages\/157\/revisions\/2494"}],"wp:attachment":[{"href":"https:\/\/fslogo.rwth-aachen.de\/index.php\/wp-json\/wp\/v2\/media?parent=157"}],"curies":[{"name":"wp","href":"https:\/\/api.w.org\/{rel}","templated":true}]}}