{"id":1599,"date":"2023-01-06T17:02:17","date_gmt":"2023-01-06T16:02:17","guid":{"rendered":"https:\/\/fslogo.rwth-aachen.de\/?page_id=1599"},"modified":"2023-04-24T23:58:42","modified_gmt":"2023-04-24T21:58:42","slug":"im-studium","status":"publish","type":"page","link":"https:\/\/fslogo.rwth-aachen.de\/index.php\/im-studium\/","title":{"rendered":"Im Studium"},"content":{"rendered":"\n<p>Hier findet ihr alle m\u00f6glichen Informationen rund ums Studium. <\/p>\n\n\n\n<hr class=\"wp-block-separator\"\/>\n\n\n\n<p>Studiert ihr bereits Logop\u00e4die an der RWTH, sind f\u00fcr euch vor allem die Tipps zu Studium und Ausbildung interessant.<\/p>\n\n\n\n<p><a href=\"https:\/\/fslogo.rwth-aachen.de\/index.php\/tipps-fur-die-ausbildung\/\" data-type=\"URL\" data-id=\"https:\/\/fslogo.rwth-aachen.de\/index.php\/tipps-fur-die-ausbildung\/\"><strong>Tipps f\u00fcr die Ausbildung<\/strong><\/a><\/p>\n\n\n\n<p><strong><a href=\"https:\/\/fslogo.rwth-aachen.de\/index.php\/sample-page\/\" data-type=\"URL\" data-id=\"https:\/\/fslogo.rwth-aachen.de\/index.php\/sample-page\/\">Tipps f\u00fcrs Studium<\/a><\/strong><\/p>\n\n\n\n<p><strong><a href=\"https:\/\/fslogo.rwth-aachen.de\/index.php\/donnerstagskolloquium\/\" data-type=\"URL\" data-id=\"https:\/\/fslogo.rwth-aachen.de\/index.php\/donnerstagskolloquium\/\">Donnerstagskolloquium<\/a><\/strong><\/p>\n\n\n\n<p><strong><a data-type=\"URL\" data-id=\"https:\/\/fslogo.rwth-aachen.de\/index.php\/buchverleih\/\" href=\"https:\/\/fslogo.rwth-aachen.de\/index.php\/buchverleih\/\">Ausleihm\u00f6glichkeiten<\/a><\/strong><\/p>\n\n\n\n<p><strong><a href=\"https:\/\/fslogo.rwth-aachen.de\/index.php\/praktikumsstellen\/\" title=\"Praktikumsstellen\">Praktikumsstellen<\/a><\/strong><\/p>\n\n\n\n<hr class=\"wp-block-separator\"\/>\n\n\n\n<p>Wollt ihr euch \u00fcber das Logop\u00e4diestudium an der RWTH informieren, sind folgende Informationen interessant.<\/p>\n\n\n\n<p><strong><a href=\"https:\/\/fslogo.rwth-aachen.de\/index.php\/modellstudiengang\/\" data-type=\"URL\" data-id=\"https:\/\/fslogo.rwth-aachen.de\/index.php\/modellstudiengang\/\">Modellstudiengang<\/a><\/strong><\/p>\n\n\n\n<p><strong><a data-type=\"URL\" data-id=\"https:\/\/fslogo.rwth-aachen.de\/index.php\/masterstudium\/\" href=\"https:\/\/fslogo.rwth-aachen.de\/index.php\/masterstudium\/\">Masterstudium<\/a><\/strong><\/p>\n\n\n\n<p><strong><a href=\"https:\/\/fslogo.rwth-aachen.de\/index.php\/auslandssemester\/\" title=\"Auslandssemester\">Auslandssemester<\/a><\/strong><\/p>\n\n\n\n<hr class=\"wp-block-separator\"\/>\n\n\n\n<p>Sucht ihr Kontaktdaten zu bestimmten Personen unserer Studieng\u00e4nge, schaut mal hier vorbei: <\/p>\n\n\n\n<p><strong><a href=\"https:\/\/fslogo.rwth-aachen.de\/index.php\/organisationundkontakte\/\" data-type=\"URL\" data-id=\"https:\/\/fslogo.rwth-aachen.de\/index.php\/organisationundkontakte\/\">Ansprechpartner:innen<\/a><\/strong><\/p>\n","protected":false},"excerpt":{"rendered":"<p>Hier findet ihr alle m\u00f6glichen Informationen rund ums Studium. Studiert ihr bereits Logop\u00e4die an der RWTH, sind f\u00fcr euch vor allem die Tipps zu Studium und Ausbildung interessant. Tipps f\u00fcr die Ausbildung Tipps f\u00fcrs Studium Donnerstagskolloquium Ausleihm\u00f6glichkeiten Praktikumsstellen Wollt ihr euch \u00fcber das Logop\u00e4diestudium an der RWTH informieren, sind folgende [&hellip;]<\/p>\n","protected":false},"author":9,"featured_media":0,"parent":0,"menu_order":0,"comment_status":"closed","ping_status":"closed","template":"","meta":[],"aioseo_notices":[],"_links":{"self":[{"href":"https:\/\/fslogo.rwth-aachen.de\/index.php\/wp-json\/wp\/v2\/pages\/1599"}],"collection":[{"href":"https:\/\/fslogo.rwth-aachen.de\/index.php\/wp-json\/wp\/v2\/pages"}],"about":[{"href":"https:\/\/fslogo.rwth-aachen.de\/index.php\/wp-json\/wp\/v2\/types\/page"}],"author":[{"embeddable":true,"href":"https:\/\/fslogo.rwth-aachen.de\/index.php\/wp-json\/wp\/v2\/users\/9"}],"replies":[{"embeddable":true,"href":"https:\/\/fslogo.rwth-aachen.de\/index.php\/wp-json\/wp\/v2\/comments?post=1599"}],"version-history":[{"count":2,"href":"https:\/\/fslogo.rwth-aachen.de\/index.php\/wp-json\/wp\/v2\/pages\/1599\/revisions"}],"predecessor-version":[{"id":1891,"href":"https:\/\/fslogo.rwth-aachen.de\/index.php\/wp-json\/wp\/v2\/pages\/1599\/revisions\/1891"}],"wp:attachment":[{"href":"https:\/\/fslogo.rwth-aachen.de\/index.php\/wp-json\/wp\/v2\/media?parent=1599"}],"curies":[{"name":"wp","href":"https:\/\/api.w.org\/{rel}","templated":true}]}}