{"id":1639,"date":"2023-01-25T14:19:06","date_gmt":"2023-01-25T13:19:06","guid":{"rendered":"https:\/\/fslogo.rwth-aachen.de\/?page_id=1639"},"modified":"2023-01-25T21:30:55","modified_gmt":"2023-01-25T20:30:55","slug":"kontakt","status":"publish","type":"page","link":"https:\/\/fslogo.rwth-aachen.de\/index.php\/kontakt\/","title":{"rendered":"Unser Kontaktformular"},"content":{"rendered":"\n<p>\u00dcber dieses Kontaktformular k\u00f6nnt ihr uns jederzeit zus\u00e4tzlich zu den bereits angegebenen E-Mail-Adressen erreichen. Gebt einfach euren Namen, eure E-Mail-Adresse, das Thema und eure Nachricht ein. Wir werden so schnell es geht auf die Nachricht antworten. <\/p>\n\n\n\n<p>Die Antwort erhaltet ihr dann \u00fcber eure angegebene Mailadresse.<\/p>\n\n\n\n<p>Wir freuen uns immer \u00fcber Fragen und hoffen, dass wir weiterhelfen k\u00f6nnen.<\/p>\n\n\n<div class=\"wpforms-container wpforms-container-full\" id=\"wpforms-1548\"><form id=\"wpforms-form-1548\" class=\"wpforms-validate wpforms-form\" data-formid=\"1548\" method=\"post\" enctype=\"multipart\/form-data\" action=\"\/index.php\/wp-json\/wp\/v2\/pages\/1639\" data-token=\"bfe76ad96ae25fefceeb69c3ae9d96cd\" data-token-time=\"1776428041\"><noscript class=\"wpforms-error-noscript\">Bitte aktiviere JavaScript in deinem Browser, um dieses Formular fertigzustellen.<\/noscript><div class=\"wpforms-field-container\"><div id=\"wpforms-1548-field_0-container\" class=\"wpforms-field wpforms-field-name wpforms-one-half wpforms-first\" data-field-id=\"0\"><label class=\"wpforms-field-label wpforms-label-hide\" for=\"wpforms-1548-field_0\">Name <span class=\"wpforms-required-label\">*<\/span><\/label><input type=\"text\" id=\"wpforms-1548-field_0\" class=\"wpforms-field-large wpforms-field-required\" name=\"wpforms[fields][0]\" placeholder=\"Name...\" required><\/div><div id=\"wpforms-1548-field_3-container\" class=\"wpforms-field wpforms-field-email wpforms-one-half\" data-field-id=\"3\"><label class=\"wpforms-field-label wpforms-label-hide\" for=\"wpforms-1548-field_3\">Email <span class=\"wpforms-required-label\">*<\/span><\/label><input type=\"email\" id=\"wpforms-1548-field_3\" class=\"wpforms-field-large wpforms-field-required\" name=\"wpforms[fields][3]\" placeholder=\"Email...\" spellcheck=\"false\" required><\/div><div id=\"wpforms-1548-field_4-container\" class=\"wpforms-field wpforms-field-text\" data-field-id=\"4\"><label class=\"wpforms-field-label wpforms-label-hide\" for=\"wpforms-1548-field_4\">Thema<\/label><input type=\"text\" id=\"wpforms-1548-field_4\" class=\"wpforms-field-large\" name=\"wpforms[fields][4]\" placeholder=\"Thema...\" ><\/div><div id=\"wpforms-1548-field_2-container\" class=\"wpforms-field wpforms-field-textarea\" data-field-id=\"2\"><label class=\"wpforms-field-label wpforms-label-hide\" for=\"wpforms-1548-field_2\">Nachricht <span class=\"wpforms-required-label\">*<\/span><\/label><textarea id=\"wpforms-1548-field_2\" class=\"wpforms-field-medium wpforms-field-required\" name=\"wpforms[fields][2]\" placeholder=\"Nachricht...\" required><\/textarea><\/div><\/div><!-- .wpforms-field-container --><div class=\"wpforms-submit-container\" ><input type=\"hidden\" name=\"wpforms[id]\" value=\"1548\"><input type=\"hidden\" name=\"page_title\" value=\"\"><input type=\"hidden\" name=\"page_url\" value=\"https:\/\/fslogo.rwth-aachen.de\/index.php\/wp-json\/wp\/v2\/pages\/1639\"><input type=\"hidden\" name=\"url_referer\" value=\"\"><button type=\"submit\" name=\"wpforms[submit]\" id=\"wpforms-submit-1548\" class=\"wpforms-submit\" data-alt-text=\"Sending...\" data-submit-text=\"Send message\" aria-live=\"assertive\" value=\"wpforms-submit\">Send message<\/button><\/div><\/form><\/div>  <!-- .wpforms-container -->\n","protected":false},"excerpt":{"rendered":"<p>\u00dcber dieses Kontaktformular k\u00f6nnt ihr uns jederzeit zus\u00e4tzlich zu den bereits angegebenen E-Mail-Adressen erreichen. Gebt einfach euren Namen, eure E-Mail-Adresse, das Thema und eure Nachricht ein. Wir werden so schnell es geht auf die Nachricht antworten. Die Antwort erhaltet ihr dann \u00fcber eure angegebene Mailadresse. Wir freuen uns immer \u00fcber [&hellip;]<\/p>\n","protected":false},"author":9,"featured_media":0,"parent":0,"menu_order":0,"comment_status":"closed","ping_status":"closed","template":"","meta":[],"aioseo_notices":[],"_links":{"self":[{"href":"https:\/\/fslogo.rwth-aachen.de\/index.php\/wp-json\/wp\/v2\/pages\/1639"}],"collection":[{"href":"https:\/\/fslogo.rwth-aachen.de\/index.php\/wp-json\/wp\/v2\/pages"}],"about":[{"href":"https:\/\/fslogo.rwth-aachen.de\/index.php\/wp-json\/wp\/v2\/types\/page"}],"author":[{"embeddable":true,"href":"https:\/\/fslogo.rwth-aachen.de\/index.php\/wp-json\/wp\/v2\/users\/9"}],"replies":[{"embeddable":true,"href":"https:\/\/fslogo.rwth-aachen.de\/index.php\/wp-json\/wp\/v2\/comments?post=1639"}],"version-history":[{"count":5,"href":"https:\/\/fslogo.rwth-aachen.de\/index.php\/wp-json\/wp\/v2\/pages\/1639\/revisions"}],"predecessor-version":[{"id":1843,"href":"https:\/\/fslogo.rwth-aachen.de\/index.php\/wp-json\/wp\/v2\/pages\/1639\/revisions\/1843"}],"wp:attachment":[{"href":"https:\/\/fslogo.rwth-aachen.de\/index.php\/wp-json\/wp\/v2\/media?parent=1639"}],"curies":[{"name":"wp","href":"https:\/\/api.w.org\/{rel}","templated":true}]}}