{"id":1992,"date":"2023-04-20T18:14:13","date_gmt":"2023-04-20T16:14:13","guid":{"rendered":"https:\/\/fslogo.rwth-aachen.de\/?page_id=1992"},"modified":"2023-11-06T18:23:26","modified_gmt":"2023-11-06T17:23:26","slug":"rwth-berufetag","status":"publish","type":"page","link":"https:\/\/fslogo.rwth-aachen.de\/index.php\/rwth-berufetag\/","title":{"rendered":"RWTH Berufetag"},"content":{"rendered":"\n<p>Der RWTH <a href=\"https:\/\/www.rwth-aachen.de\/cms\/root\/studium\/Vor-dem-Studium\/Schnupperangebote-Infotage\/~tfg\/RWTH-Berufetag\/\">Berufetag<\/a> findet jedes Jahr statt. Er ist Teil der Berufsinformationsveranstaltungen f\u00fcr Sch\u00fcler:innen im Rahmen ihres Unterrichts. Es werden an diesem Tag Workshops gegeben, Vortr\u00e4ge gehalten und an Infost\u00e4nden zu verschiedenen Berufen, die an der RWTH gelehrt werden, beraten.<\/p>\n\n\n\n<p>Es geht um die Repr\u00e4sentation und Pr\u00e4sentation des eigenen Berufs.<\/p>\n\n\n\n<p>Insgesamt sind die einzelnen Berufe verschiedenen Berufsfeldern zugeordnet. Teilnehmen kann man nur, wenn innerhalb des eigenen Berufsfelds ausreichend Initiativen (Fachschaften, Schulen, Lehrst\u00fchle, &#8230;) teilnehmen. Wir fallen hierbei unter den Bereich <em>&#8220;Gesundheit&#8221;<\/em>. Die Teilnahme ist auf freiwilliger Basis, sodass nicht immer alle Studieng\u00e4nge\/Ausbildungsberufe der RWTH abgedeckt werden.<\/p>\n\n\n\n<p> <\/p>\n\n\n\n<div class=\"wp-block-buttons\">\n<div class=\"wp-block-button\"><a class=\"wp-block-button__link\" href=\"#2023\">2023<\/a><\/div>\n<\/div>\n\n\n\n<hr class=\"wp-block-separator\"\/>\n\n\n\n<h2 id=\"2023\">2023<\/h2>\n\n\n\n<p>Dieses Jahr fand der Berufetag am 30.03.2023 statt.  Wir haben innerhalb des Berufsfeldes &#8220;Naturwissenschaften&#8221; mitgemacht, da sich im &#8220;Gesundheits&#8221;-Berufsfeld leider zu wenig Teilnehmer:innen gemeldet hatten. Wir haben uns sehr gefreut, dass die Veranstalter:innen es uns trotzdem m\u00f6glich gemacht haben.<\/p>\n\n\n\n<p>Wir waren sehr motiviert bei der Anmeldung und deshalb mit einem Infostand, Vortrag und Workshop vertreten. Und um m\u00f6glichst viel Interesse zu wecken haben wir uns einiges ausgedacht und auch neu f\u00fcr die Fachschaft angeschafft. Man konnte seine eigene Stimme mit PRAAT analysieren, absaugen bei einer Trachealkan\u00fcle \u00fcben und der gro\u00dfe Renner: ein Wettrinken mit Freund:innen machen.<\/p>\n\n\n\n<p>Insgesamt hatten wir 5 tolle Helfer:innen, die mit uns gemeinsam einen lustigen und f\u00fcr die Sch\u00fcler:innen hoffentlich auch interessanten Tag verbracht haben.<\/p>\n\n\n\n<p>Damit ihr einen Eindruck bekommt, folgen ein paar bildliche Eindr\u00fccke des Tages.<\/p>\n\n\n\n<figure class=\"wp-block-gallery columns-3 is-cropped\"><ul class=\"blocks-gallery-grid\"><li class=\"blocks-gallery-item\"><figure><img loading=\"lazy\" width=\"768\" height=\"1024\" src=\"https:\/\/fslogo.rwth-aachen.de\/wp-content\/uploads\/2023\/04\/A47462C8-C4B2-4308-8D83-FDB4E97457C5-768x1024.jpg\" alt=\"\" data-id=\"2001\" data-link=\"https:\/\/fslogo.rwth-aachen.de\/?attachment_id=2001\" class=\"wp-image-2001\" srcset=\"https:\/\/fslogo.rwth-aachen.de\/wp-content\/uploads\/2023\/04\/A47462C8-C4B2-4308-8D83-FDB4E97457C5-768x1024.jpg 768w, https:\/\/fslogo.rwth-aachen.de\/wp-content\/uploads\/2023\/04\/A47462C8-C4B2-4308-8D83-FDB4E97457C5-225x300.jpg 225w, https:\/\/fslogo.rwth-aachen.de\/wp-content\/uploads\/2023\/04\/A47462C8-C4B2-4308-8D83-FDB4E97457C5-1152x1536.jpg 1152w, https:\/\/fslogo.rwth-aachen.de\/wp-content\/uploads\/2023\/04\/A47462C8-C4B2-4308-8D83-FDB4E97457C5.jpg 1537w\" sizes=\"(max-width: 768px) 100vw, 768px\" \/><figcaption class=\"blocks-gallery-item__caption\">unser Stand<\/figcaption><\/figure><\/li><li class=\"blocks-gallery-item\"><figure><img loading=\"lazy\" width=\"768\" height=\"1024\" src=\"https:\/\/fslogo.rwth-aachen.de\/wp-content\/uploads\/2023\/04\/0F7DD664-6963-4F40-BF75-BC6C9EFB4F77-768x1024.jpg\" alt=\"\" data-id=\"1997\" data-link=\"https:\/\/fslogo.rwth-aachen.de\/?attachment_id=1997\" class=\"wp-image-1997\" srcset=\"https:\/\/fslogo.rwth-aachen.de\/wp-content\/uploads\/2023\/04\/0F7DD664-6963-4F40-BF75-BC6C9EFB4F77-768x1024.jpg 768w, https:\/\/fslogo.rwth-aachen.de\/wp-content\/uploads\/2023\/04\/0F7DD664-6963-4F40-BF75-BC6C9EFB4F77-225x300.jpg 225w, https:\/\/fslogo.rwth-aachen.de\/wp-content\/uploads\/2023\/04\/0F7DD664-6963-4F40-BF75-BC6C9EFB4F77-1152x1536.jpg 1152w, https:\/\/fslogo.rwth-aachen.de\/wp-content\/uploads\/2023\/04\/0F7DD664-6963-4F40-BF75-BC6C9EFB4F77.jpg 1537w\" sizes=\"(max-width: 768px) 100vw, 768px\" \/><figcaption class=\"blocks-gallery-item__caption\">auch unser Stand<\/figcaption><\/figure><\/li><li class=\"blocks-gallery-item\"><figure><img loading=\"lazy\" width=\"576\" height=\"1024\" src=\"https:\/\/fslogo.rwth-aachen.de\/wp-content\/uploads\/2023\/04\/2C800E6C-EC89-40B8-A14F-1B98CBD26261-576x1024.jpg\" alt=\"\" data-id=\"1998\" data-link=\"https:\/\/fslogo.rwth-aachen.de\/?attachment_id=1998\" class=\"wp-image-1998\" srcset=\"https:\/\/fslogo.rwth-aachen.de\/wp-content\/uploads\/2023\/04\/2C800E6C-EC89-40B8-A14F-1B98CBD26261-576x1024.jpg 576w, https:\/\/fslogo.rwth-aachen.de\/wp-content\/uploads\/2023\/04\/2C800E6C-EC89-40B8-A14F-1B98CBD26261-169x300.jpg 169w, https:\/\/fslogo.rwth-aachen.de\/wp-content\/uploads\/2023\/04\/2C800E6C-EC89-40B8-A14F-1B98CBD26261-768x1366.jpg 768w, https:\/\/fslogo.rwth-aachen.de\/wp-content\/uploads\/2023\/04\/2C800E6C-EC89-40B8-A14F-1B98CBD26261-864x1536.jpg 864w, https:\/\/fslogo.rwth-aachen.de\/wp-content\/uploads\/2023\/04\/2C800E6C-EC89-40B8-A14F-1B98CBD26261-1152x2048.jpg 1152w, https:\/\/fslogo.rwth-aachen.de\/wp-content\/uploads\/2023\/04\/2C800E6C-EC89-40B8-A14F-1B98CBD26261-scaled.jpg 1440w\" sizes=\"(max-width: 576px) 100vw, 576px\" \/><figcaption class=\"blocks-gallery-item__caption\">kurz vor dem Vortrag&#8230;<\/figcaption><\/figure><\/li><li class=\"blocks-gallery-item\"><figure><img loading=\"lazy\" width=\"768\" height=\"1024\" src=\"https:\/\/fslogo.rwth-aachen.de\/wp-content\/uploads\/2023\/04\/13F0A97D-9F61-455C-AA3E-079687552265-768x1024.jpg\" alt=\"\" data-id=\"2010\" data-link=\"https:\/\/fslogo.rwth-aachen.de\/?attachment_id=2010\" class=\"wp-image-2010\" srcset=\"https:\/\/fslogo.rwth-aachen.de\/wp-content\/uploads\/2023\/04\/13F0A97D-9F61-455C-AA3E-079687552265-768x1024.jpg 768w, https:\/\/fslogo.rwth-aachen.de\/wp-content\/uploads\/2023\/04\/13F0A97D-9F61-455C-AA3E-079687552265-225x300.jpg 225w, https:\/\/fslogo.rwth-aachen.de\/wp-content\/uploads\/2023\/04\/13F0A97D-9F61-455C-AA3E-079687552265-1152x1536.jpg 1152w, https:\/\/fslogo.rwth-aachen.de\/wp-content\/uploads\/2023\/04\/13F0A97D-9F61-455C-AA3E-079687552265.jpg 1537w\" sizes=\"(max-width: 768px) 100vw, 768px\" \/><figcaption class=\"blocks-gallery-item__caption\">Workshop Station 1: Stimmanalyse mit PRAAT<\/figcaption><\/figure><\/li><li class=\"blocks-gallery-item\"><figure><img loading=\"lazy\" width=\"768\" height=\"1024\" src=\"https:\/\/fslogo.rwth-aachen.de\/wp-content\/uploads\/2023\/04\/E890A36D-33C3-4B8E-9E73-F8671C9228EB-1-768x1024.jpg\" alt=\"\" data-id=\"2005\" data-link=\"https:\/\/fslogo.rwth-aachen.de\/?attachment_id=2005\" class=\"wp-image-2005\" srcset=\"https:\/\/fslogo.rwth-aachen.de\/wp-content\/uploads\/2023\/04\/E890A36D-33C3-4B8E-9E73-F8671C9228EB-1-768x1025.jpg 768w, https:\/\/fslogo.rwth-aachen.de\/wp-content\/uploads\/2023\/04\/E890A36D-33C3-4B8E-9E73-F8671C9228EB-1-225x300.jpg 225w, https:\/\/fslogo.rwth-aachen.de\/wp-content\/uploads\/2023\/04\/E890A36D-33C3-4B8E-9E73-F8671C9228EB-1-1151x1536.jpg 1151w, https:\/\/fslogo.rwth-aachen.de\/wp-content\/uploads\/2023\/04\/E890A36D-33C3-4B8E-9E73-F8671C9228EB-1.jpg 1536w\" sizes=\"(max-width: 768px) 100vw, 768px\" \/><figcaption class=\"blocks-gallery-item__caption\">Workshop Station 2: Wetttrinken mit Myoschl\u00e4uchen<\/figcaption><\/figure><\/li><li class=\"blocks-gallery-item\"><figure><img loading=\"lazy\" width=\"768\" height=\"1024\" src=\"https:\/\/fslogo.rwth-aachen.de\/wp-content\/uploads\/2023\/04\/91B68DC2-D91D-4460-A68C-E00505B3385B-1-768x1024.jpg\" alt=\"\" data-id=\"2006\" data-link=\"https:\/\/fslogo.rwth-aachen.de\/?attachment_id=2006\" class=\"wp-image-2006\" srcset=\"https:\/\/fslogo.rwth-aachen.de\/wp-content\/uploads\/2023\/04\/91B68DC2-D91D-4460-A68C-E00505B3385B-1-768x1025.jpg 768w, https:\/\/fslogo.rwth-aachen.de\/wp-content\/uploads\/2023\/04\/91B68DC2-D91D-4460-A68C-E00505B3385B-1-225x300.jpg 225w, https:\/\/fslogo.rwth-aachen.de\/wp-content\/uploads\/2023\/04\/91B68DC2-D91D-4460-A68C-E00505B3385B-1-1151x1536.jpg 1151w, https:\/\/fslogo.rwth-aachen.de\/wp-content\/uploads\/2023\/04\/91B68DC2-D91D-4460-A68C-E00505B3385B-1.jpg 1536w\" sizes=\"(max-width: 768px) 100vw, 768px\" \/><figcaption class=\"blocks-gallery-item__caption\">Workshop Station 3: Absaugen im Reagenzglas<\/figcaption><\/figure><\/li><li class=\"blocks-gallery-item\"><figure><img loading=\"lazy\" width=\"1024\" height=\"576\" src=\"https:\/\/fslogo.rwth-aachen.de\/wp-content\/uploads\/2023\/04\/45BF0908-68CC-4447-89A9-D670F0B1F525-2-1024x576.jpg\" alt=\"\" data-id=\"2008\" data-link=\"https:\/\/fslogo.rwth-aachen.de\/?attachment_id=2008\" class=\"wp-image-2008\" srcset=\"https:\/\/fslogo.rwth-aachen.de\/wp-content\/uploads\/2023\/04\/45BF0908-68CC-4447-89A9-D670F0B1F525-2-1024x576.jpg 1024w, https:\/\/fslogo.rwth-aachen.de\/wp-content\/uploads\/2023\/04\/45BF0908-68CC-4447-89A9-D670F0B1F525-2-300x169.jpg 300w, https:\/\/fslogo.rwth-aachen.de\/wp-content\/uploads\/2023\/04\/45BF0908-68CC-4447-89A9-D670F0B1F525-2-768x432.jpg 768w, https:\/\/fslogo.rwth-aachen.de\/wp-content\/uploads\/2023\/04\/45BF0908-68CC-4447-89A9-D670F0B1F525-2-1280x720.jpg 1280w, https:\/\/fslogo.rwth-aachen.de\/wp-content\/uploads\/2023\/04\/45BF0908-68CC-4447-89A9-D670F0B1F525-2-1536x864.jpg 1536w, https:\/\/fslogo.rwth-aachen.de\/wp-content\/uploads\/2023\/04\/45BF0908-68CC-4447-89A9-D670F0B1F525-2-2048x1152.jpg 2048w\" sizes=\"(max-width: 1024px) 100vw, 1024px\" \/><figcaption class=\"blocks-gallery-item__caption\">unsere Stand-Poster<\/figcaption><\/figure><\/li><\/ul><\/figure>\n\n\n\n<figure class=\"wp-block-image size-large\"><img loading=\"lazy\" width=\"1024\" height=\"768\" src=\"https:\/\/fslogo.rwth-aachen.de\/wp-content\/uploads\/2023\/04\/03E58829-33DF-4038-B6BC-55D0FC486A99-2-1024x768.jpg\" alt=\"\" class=\"wp-image-2009\" srcset=\"https:\/\/fslogo.rwth-aachen.de\/wp-content\/uploads\/2023\/04\/03E58829-33DF-4038-B6BC-55D0FC486A99-2-1024x768.jpg 1024w, https:\/\/fslogo.rwth-aachen.de\/wp-content\/uploads\/2023\/04\/03E58829-33DF-4038-B6BC-55D0FC486A99-2-300x225.jpg 300w, https:\/\/fslogo.rwth-aachen.de\/wp-content\/uploads\/2023\/04\/03E58829-33DF-4038-B6BC-55D0FC486A99-2-768x576.jpg 768w, https:\/\/fslogo.rwth-aachen.de\/wp-content\/uploads\/2023\/04\/03E58829-33DF-4038-B6BC-55D0FC486A99-2-1536x1151.jpg 1536w\" sizes=\"(max-width: 1024px) 100vw, 1024px\" \/><figcaption>unser TEAM :)) (zuf\u00e4lligerweise sehr rosa)<\/figcaption><\/figure>\n","protected":false},"excerpt":{"rendered":"<p>Der RWTH Berufetag findet jedes Jahr statt. Er ist Teil der Berufsinformationsveranstaltungen f\u00fcr Sch\u00fcler:innen im Rahmen ihres Unterrichts. Es werden an diesem Tag Workshops gegeben, Vortr\u00e4ge gehalten und an Infost\u00e4nden zu verschiedenen Berufen, die an der RWTH gelehrt werden, beraten. Es geht um die Repr\u00e4sentation und Pr\u00e4sentation des eigenen Berufs. [&hellip;]<\/p>\n","protected":false},"author":9,"featured_media":1996,"parent":0,"menu_order":0,"comment_status":"closed","ping_status":"closed","template":"","meta":[],"aioseo_notices":[],"_links":{"self":[{"href":"https:\/\/fslogo.rwth-aachen.de\/index.php\/wp-json\/wp\/v2\/pages\/1992"}],"collection":[{"href":"https:\/\/fslogo.rwth-aachen.de\/index.php\/wp-json\/wp\/v2\/pages"}],"about":[{"href":"https:\/\/fslogo.rwth-aachen.de\/index.php\/wp-json\/wp\/v2\/types\/page"}],"author":[{"embeddable":true,"href":"https:\/\/fslogo.rwth-aachen.de\/index.php\/wp-json\/wp\/v2\/users\/9"}],"replies":[{"embeddable":true,"href":"https:\/\/fslogo.rwth-aachen.de\/index.php\/wp-json\/wp\/v2\/comments?post=1992"}],"version-history":[{"count":3,"href":"https:\/\/fslogo.rwth-aachen.de\/index.php\/wp-json\/wp\/v2\/pages\/1992\/revisions"}],"predecessor-version":[{"id":2479,"href":"https:\/\/fslogo.rwth-aachen.de\/index.php\/wp-json\/wp\/v2\/pages\/1992\/revisions\/2479"}],"wp:featuredmedia":[{"embeddable":true,"href":"https:\/\/fslogo.rwth-aachen.de\/index.php\/wp-json\/wp\/v2\/media\/1996"}],"wp:attachment":[{"href":"https:\/\/fslogo.rwth-aachen.de\/index.php\/wp-json\/wp\/v2\/media?parent=1992"}],"curies":[{"name":"wp","href":"https:\/\/api.w.org\/{rel}","templated":true}]}}