{"id":2,"date":"2016-01-20T00:09:37","date_gmt":"2016-01-19T23:09:37","guid":{"rendered":"http:\/\/127.0.0.1:62001\/?page_id=2"},"modified":"2023-01-25T22:39:02","modified_gmt":"2023-01-25T21:39:02","slug":"sample-page","status":"publish","type":"page","link":"https:\/\/fslogo.rwth-aachen.de\/index.php\/sample-page\/","title":{"rendered":"Tipps f\u00fcrs Studium"},"content":{"rendered":"\n<div class=\"wp-block-buttons\">\n<div class=\"wp-block-button\"><a class=\"wp-block-button__link\" href=\"#Internetseiten\">wichtige Internetseiten<\/a><\/div>\n\n\n\n<div class=\"wp-block-button is-style-fill\"><a class=\"wp-block-button__link\" href=\"#Karten\">Karten<\/a><\/div>\n\n\n\n<div class=\"wp-block-button is-style-fill\"><a class=\"wp-block-button__link\" href=\"#Angebote\">Angebote der RWTH<\/a><\/div>\n\n\n\n<div class=\"wp-block-button is-style-fill\"><a class=\"wp-block-button__link\" href=\"#Hilfsangebote\">Hilfsangebote<\/a><\/div>\n\n\n\n<div class=\"wp-block-button is-style-fill\"><a class=\"wp-block-button__link\" href=\"#Kontakte\">N\u00fctzliche Konakte<\/a><\/div>\n<\/div>\n\n\n\n<hr class=\"wp-block-separator\"\/>\n\n\n\n<h3 id=\"Internetseiten\">Wichtige Internetseiten<\/h3>\n\n\n\n<h4><span style=\"color: #000000;\">Seite der Universit\u00e4t:&nbsp;<span style=\"color: #d90f0f;\"><a style=\"color: #d90f0f;\" href=\"http:\/\/www.rwth-aachen.de\">www.rwth-aachen.de<\/a><\/span><\/span><\/h4>\n\n\n\n<h4>RWTH-Seite der Logop\u00e4die-Studieng\u00e4nge: <a href=\"https:\/\/www.medizin.rwth-aachen.de\/cms\/Medizin\/Studium\/Studiengaenge\/~ccot\/Logopaedische-Studiengaenge\/\"><span class=\"has-inline-color has-vivid-red-color\">https:\/\/www.medizin.rwth-aachen.de\/cms\/Medizin\/Studium\/Studiengaenge\/~ccot\/Logopaedische-Studiengaenge\/<\/span><\/a><\/h4>\n\n\n\n<ul><li>hier findet ihr wichtige Downloads: <ul><li>aktueller wissenschaftlicher Leitfaden <\/li><li>Versicherungsschutz im Praktikum<\/li><li>Literaturausleihe<\/li><\/ul><\/li><li>die Kontaktdaten der Studiengangskoordination<\/li><li>Fristen<\/li><\/ul>\n\n\n\n<h4><span style=\"color: #000000;\">RWTH-Online:&nbsp;<span style=\"color: #d90f0f;\"><a style=\"color: #d90f0f;\" href=\"https:\/\/online.rwth-aachen.de\/RWTHonline\">https:\/\/online.rwth-aachen.de\/RWTHonline<\/a><\/span><\/span><\/h4>\n\n\n\n<ul><li><span style=\"color: #000000;\">Einschreibung in Vorlesungen und Pr\u00fcfungen<\/span><\/li><li><span style=\"color: #000000;\">\u00dcberpr\u00fcfung, ob der Semesterbeitrag eingegangen ist<\/span><\/li><li><span style=\"color: #000000;\">Notenver\u00f6ffentlichungen der Uni<\/span><\/li><li><span style=\"color: #000000;\">Studienbescheinigung zum Herunterladen und Ausdrucke<\/span>n<\/li><\/ul>\n\n\n\n<h4><span style=\"color: #000000;\">RWTH-Mail:<\/span><span class=\"has-inline-color has-vivid-red-color\">&nbsp;<\/span><a href=\"https:\/\/mail.rwth-aachen.de\"><span class=\"has-inline-color has-vivid-red-color\">https:\/\/mail.rwth-aachen.de<\/span><\/a><\/h4>\n\n\n\n<p><span style=\"color: #000000;\">E-Mail von Seiten der RWTH (Zoom-Links, Infos von der Fachschaft, Pr\u00fcfungsinformationen, Lefo-Netz \u2026)<\/span><\/p>\n\n\n\n<h4><span style=\"color: #000000;\">Schule f\u00fcr Logop\u00e4die UKA:&nbsp;<\/span><a href=\"https:\/\/www.ukaachen.de\/fuer-bewerber\/schuelerinnen-und-schueler\/logopaedie.html\"><span class=\"has-inline-color has-vivid-red-color\">https:\/\/www.ukaachen.de\/fuer-bewerber\/schuelerinnen-und-schueler\/logopaedie.html<\/span><\/a><\/h4>\n\n\n\n<h4><span style=\"color: #000000;\">EMSL-Raum:&nbsp;<\/span><a href=\"https:\/\/emedia-medizin.rwth-aachen.de\"><span class=\"has-inline-color has-vivid-red-color\">https:\/\/emedia-medizin.rwth-aachen.de<\/span><\/a><\/h4>\n\n\n\n<p><span style=\"color: #000000;\">Der E-Media Skills Lab ist ein Audiovisuelles Medienzentrum der Medizinischen Fakult\u00e4t der RWTH Aachen<strong>. <\/strong>Hier findet ihr Materialien f\u00fcr Unterricht und Therapien nach St\u00f6rungsgebieten sortiert sowie Stundenpl\u00e4ne, \u00d6ffnungs-\/ Schlie\u00dfzeiten und vieles mehr.<\/span><\/p>\n\n\n\n<h4>U<span style=\"color: #000000;\">K-Mail (Outlook):<\/span>&nbsp;<a href=\"https:\/\/login.live.com\/\"><span class=\"has-inline-color has-vivid-red-color\">https:\/\/login.live.com\/<\/span><\/a><\/h4>\n\n\n\n<p><span style=\"color: #000000;\">E-Mails von Seiten der Ausbildung: Kontakt mit den Patient:innen, sowie Lelos, oder als HiWi<\/span><\/p>\n\n\n\n<h3 id=\"Karten\">Karten<\/h3>\n\n\n\n<h4><span style=\"color: #000000;\"><strong>Blue Card<\/strong> (= Studierendenausweis)<\/span><\/h4>\n\n\n\n<p><span style=\"color: #000000;\">Wie bekomme ich die Blue Card?<\/span><\/p>\n\n\n\n<p><span style=\"color: #000000;\">\u00dcber RWTH online kommst du in den \u201eIT Selfservice\u201c. Dort musst du unter Blue Card die Angaben ausf\u00fcllen und ein Foto von dir hochladen. Die gedruckte Karte kannst du dann (nach einer Best\u00e4tigungsmail) ein paar Tage sp\u00e4ter im Super C abholen.<\/span><\/p>\n\n\n\n<p><span style=\"color: #000000;\">Wozu brauche ich die Blue Card?<\/span><\/p>\n\n\n\n<ul><li><span style=\"color: #000000;\">Kann an Automaten (z.B. in der Mensa) mit Geld aufgeladen werden<\/span><\/li><li><span style=\"color: #000000;\">Zahlmittel in den Mensen der RWTH<\/span><\/li><li><span style=\"color: #000000;\">Gegebenenfalls f\u00fcr Geb\u00fchren der Universit\u00e4tsbibliothek<\/span><\/li><li><span style=\"color: #000000;\">Ausweis f\u00fcr den Hochschulsport<\/span><\/li><li><span style=\"color: #000000;\">Identifikation als Student:in der RWTH (bei Klausuren mit Anwesenheitskontrolle mitbringen)<\/span><\/li><li><span style=\"color: #000000;\">Mit dem Student:innenausweis erh\u00e4lt man europaweit h\u00e4ufig einen verg\u00fcnstigten Eintritt oder spezielle Student:innentarife (z.B. in Kino, Theater, \u2026)<\/span><\/li><\/ul>\n\n\n\n<h4><span style=\"color: #000000;\"><strong>Uniklinikums-Ausweis<\/strong><\/span><\/h4>\n\n\n\n<p><span style=\"color: #000000;\">Alle Auszubildende erhalten den Ausweis innerhalb der ersten Arbeitswoche<\/span>. Nicht-Auszubildende k\u00f6nnen sich den Ausweis auch im <a href=\"https:\/\/www.fsmed-aachen.de\/wiki-magazin\/\" title=\"Magazin\">Magazin<\/a> des Uniklinikums abholen gegen 40\u20ac Pfand.<\/p>\n\n\n\n<p><span style=\"color: #000000;\">Wozu brauche ich den Ausweis der Uniklinik?<\/span><\/p>\n\n\n\n<ul><li><span style=\"color: #000000;\">Aus aktuellem Anlass erleichtert er den Zugang zum UKA<\/span><\/li><li><span style=\"color: #000000;\">Zugang zum Medizinlernraum (nach vorheriger Aktivierung)<\/span><\/li><li><span style=\"color: #000000;\">Schl\u00fcssel f\u00fcr den Computerraum<\/span><\/li><li>n\u00f6tig zum Drucken in der Medizin-Bibliothek<\/li><li><span style=\"color: #000000;\">Beim Vorzeigen im Caf\u00e9 Gr\u00fcn erhaltet ihr 10% Rabatt<\/span><\/li><li><span style=\"color: #000000;\">Zahlmittel in der Mitarbeiter Mensa des UK<\/span><\/li><\/ul>\n\n\n\n<h4><span style=\"color: #000000;\"><strong>Semesterticket NRW\/AVV<\/strong><\/span><\/h4>\n\n\n\n<ul><li><span style=\"color: #000000;\">Erlaubt Nutzung der Busse, Stra\u00dfen-, Stadt- und U-Bahnen, S-Bahnen, Regionalbahn und Regionalexpress in ganz Nordrhein-Westfalen, sowie einige grenz\u00fcberschreitende Buslinien der AVV<\/span><\/li><li><span style=\"color: #000000;\">Es gibt zus\u00e4tzlich Verbindungen z.B. nach Heerlen\/ Maastricht, die mit dem Semesterticket genutzt werden k\u00f6nnen<\/span><\/li><\/ul>\n\n\n\n<h3 id=\"Angebote\">Angebote der RWTH<\/h3>\n\n\n\n<h4><span style=\"color: #000000;\"><strong>Mensa Vita<\/strong><\/span><\/h4>\n\n\n\n<ul><li><span style=\"color: #000000;\">5 Minuten zu Fu\u00df vom Uniklinikum entfernt<\/span><\/li><li><span style=\"color: #000000;\">Gro\u00dfe Auswahl, g\u00fcnstige Studipreise und f\u00fcr Mensaessen echt lecker (nur etwas laut)<\/span><\/li><li><span style=\"color: #000000;\">Wochenplan:<\/span> <a href=\"https:\/\/www.studierendenwerk-aachen.de\/de\/Gastronomie\/mensa-vita-wochenplan.html\">https:\/\/www.studierendenwerk-aachen.de\/de\/Gastronomie\/mensa-vita-wochenplan.html<\/a><\/li><\/ul>\n\n\n\n<h4><span style=\"color: #000000;\"><strong>Hochschulsport<\/strong><\/span><\/h4>\n\n\n\n<ul><li>Diverse Sportangebote (einfach mal durchschauen \ud83d\ude09)<\/li><li>Bei beliebten Kursen (Fu\u00dfball, Volleyball, \u2026) muss man sehr schnell mit dem Buchen sein (am besten sobald sie freigeschaltet werden)<\/li><li>Probiert auf jeden Fall mal Kontakth\u00fcpfen aus!<\/li><li>Die Blue Card muss am Einlass abgescannt werden<\/li><\/ul>\n\n\n\n<h3 id=\"Hilfsangebote\">Hilfsangebote an der RWTH<\/h3>\n\n\n\n<p>Brauchst du professionelle Hilfe im Studium? Hierf\u00fcr gibt es:<\/p>\n\n\n\n<p><strong>die Zentrale Studienberatung: <\/strong>Diese ber\u00e4t dich zu spezifischen Problemen im Studium, wie beispielsweise Lernen und Organisation aber auch bei psychischen Problemen. Au\u00dferdem bietet sie umfassende Vortr\u00e4ge und Worshops zu Themen rund ums Studium und den Berufseinstieg an. Klicke auf folgenden Link f\u00fcr die \u00dcbersichtsseite:<\/p>\n\n\n\n<ul class=\"wp-block-social-links\"><li class=\"wp-social-link wp-social-link-chain wp-block-social-link\"><a href=\"https:\/\/www.rwth-aachen.de\/cms\/root\/studium\/Im-Studium\/~dutqr\/Studientrainings-Vortraege-Workshops-d\/\" aria-label=\"Link\"  class=\"wp-block-social-link-anchor\"> <svg width=\"24\" height=\"24\" viewBox=\"0 0 24 24\" version=\"1.1\" xmlns=\"http:\/\/www.w3.org\/2000\/svg\" role=\"img\" aria-hidden=\"true\" focusable=\"false\"><path d=\"M19.647,16.706a1.134,1.134,0,0,0-.343-.833l-2.549-2.549a1.134,1.134,0,0,0-.833-.343,1.168,1.168,0,0,0-.883.392l.233.226q.2.189.264.264a2.922,2.922,0,0,1,.184.233.986.986,0,0,1,.159.312,1.242,1.242,0,0,1,.043.337,1.172,1.172,0,0,1-1.176,1.176,1.237,1.237,0,0,1-.337-.043,1,1,0,0,1-.312-.159,2.76,2.76,0,0,1-.233-.184q-.073-.068-.264-.264l-.226-.233a1.19,1.19,0,0,0-.4.895,1.134,1.134,0,0,0,.343.833L15.837,19.3a1.13,1.13,0,0,0,.833.331,1.18,1.18,0,0,0,.833-.318l1.8-1.789a1.12,1.12,0,0,0,.343-.821Zm-8.615-8.64a1.134,1.134,0,0,0-.343-.833L8.163,4.7a1.134,1.134,0,0,0-.833-.343,1.184,1.184,0,0,0-.833.331L4.7,6.473a1.12,1.12,0,0,0-.343.821,1.134,1.134,0,0,0,.343.833l2.549,2.549a1.13,1.13,0,0,0,.833.331,1.184,1.184,0,0,0,.883-.38L8.728,10.4q-.2-.189-.264-.264A2.922,2.922,0,0,1,8.28,9.9a.986.986,0,0,1-.159-.312,1.242,1.242,0,0,1-.043-.337A1.172,1.172,0,0,1,9.254,8.079a1.237,1.237,0,0,1,.337.043,1,1,0,0,1,.312.159,2.761,2.761,0,0,1,.233.184q.073.068.264.264l.226.233a1.19,1.19,0,0,0,.4-.895ZM22,16.706a3.343,3.343,0,0,1-1.042,2.488l-1.8,1.789a3.536,3.536,0,0,1-4.988-.025l-2.525-2.537a3.384,3.384,0,0,1-1.017-2.488,3.448,3.448,0,0,1,1.078-2.561l-1.078-1.078a3.434,3.434,0,0,1-2.549,1.078,3.4,3.4,0,0,1-2.5-1.029L3.029,9.794A3.4,3.4,0,0,1,2,7.294,3.343,3.343,0,0,1,3.042,4.806l1.8-1.789A3.384,3.384,0,0,1,7.331,2a3.357,3.357,0,0,1,2.5,1.042l2.525,2.537a3.384,3.384,0,0,1,1.017,2.488,3.448,3.448,0,0,1-1.078,2.561l1.078,1.078a3.551,3.551,0,0,1,5.049-.049l2.549,2.549A3.4,3.4,0,0,1,22,16.706Z\"><\/path><\/svg><\/a><\/li><\/ul>\n\n\n\n<p><strong>den AStA:<\/strong> Hier erh\u00e4ltst du Beratung und Unterst\u00fctzung zu allen nur m\u00f6glichen sozialen und rechtlichen Fragen und Problemen. Dieser Link f\u00fchrt dich zu einer \u00dcbersicht des Beratungsangebots: <\/p>\n\n\n\n<ul class=\"wp-block-social-links\"><li class=\"wp-social-link wp-social-link-chain wp-block-social-link\"><a href=\"https:\/\/www.asta.rwth-aachen.de\/beratung\/uebersicht\/\" aria-label=\"Link\"  class=\"wp-block-social-link-anchor\"> <svg width=\"24\" height=\"24\" viewBox=\"0 0 24 24\" version=\"1.1\" xmlns=\"http:\/\/www.w3.org\/2000\/svg\" role=\"img\" aria-hidden=\"true\" focusable=\"false\"><path d=\"M19.647,16.706a1.134,1.134,0,0,0-.343-.833l-2.549-2.549a1.134,1.134,0,0,0-.833-.343,1.168,1.168,0,0,0-.883.392l.233.226q.2.189.264.264a2.922,2.922,0,0,1,.184.233.986.986,0,0,1,.159.312,1.242,1.242,0,0,1,.043.337,1.172,1.172,0,0,1-1.176,1.176,1.237,1.237,0,0,1-.337-.043,1,1,0,0,1-.312-.159,2.76,2.76,0,0,1-.233-.184q-.073-.068-.264-.264l-.226-.233a1.19,1.19,0,0,0-.4.895,1.134,1.134,0,0,0,.343.833L15.837,19.3a1.13,1.13,0,0,0,.833.331,1.18,1.18,0,0,0,.833-.318l1.8-1.789a1.12,1.12,0,0,0,.343-.821Zm-8.615-8.64a1.134,1.134,0,0,0-.343-.833L8.163,4.7a1.134,1.134,0,0,0-.833-.343,1.184,1.184,0,0,0-.833.331L4.7,6.473a1.12,1.12,0,0,0-.343.821,1.134,1.134,0,0,0,.343.833l2.549,2.549a1.13,1.13,0,0,0,.833.331,1.184,1.184,0,0,0,.883-.38L8.728,10.4q-.2-.189-.264-.264A2.922,2.922,0,0,1,8.28,9.9a.986.986,0,0,1-.159-.312,1.242,1.242,0,0,1-.043-.337A1.172,1.172,0,0,1,9.254,8.079a1.237,1.237,0,0,1,.337.043,1,1,0,0,1,.312.159,2.761,2.761,0,0,1,.233.184q.073.068.264.264l.226.233a1.19,1.19,0,0,0,.4-.895ZM22,16.706a3.343,3.343,0,0,1-1.042,2.488l-1.8,1.789a3.536,3.536,0,0,1-4.988-.025l-2.525-2.537a3.384,3.384,0,0,1-1.017-2.488,3.448,3.448,0,0,1,1.078-2.561l-1.078-1.078a3.434,3.434,0,0,1-2.549,1.078,3.4,3.4,0,0,1-2.5-1.029L3.029,9.794A3.4,3.4,0,0,1,2,7.294,3.343,3.343,0,0,1,3.042,4.806l1.8-1.789A3.384,3.384,0,0,1,7.331,2a3.357,3.357,0,0,1,2.5,1.042l2.525,2.537a3.384,3.384,0,0,1,1.017,2.488,3.448,3.448,0,0,1-1.078,2.561l1.078,1.078a3.551,3.551,0,0,1,5.049-.049l2.549,2.549A3.4,3.4,0,0,1,22,16.706Z\"><\/path><\/svg><\/a><\/li><\/ul>\n\n\n\n<h3 id=\"Kontakte\">N\u00fctzliche Kontakte<\/h3>\n\n\n\n<h4><span style=\"color: #000000;\"><strong>Whatsapp-Gruppe f\u00fcr Veranstaltungen<\/strong><\/span><\/h4>\n\n\n\n<p><span style=\"color: #000000;\">Liebe Logos aufgepasst: Es gibt eine Whatsapp-Gruppe in der aktuelle soziale Aktivit\u00e4ten angeboten und abgesprochen werden. Mitglieder sind alle interessierten Logo-Studis. Kontaktiert uns gerne, um hinzugef\u00fcgt zu werden.<\/span><\/p>\n\n\n\n<h4><span style=\"color: #000000;\"><strong>Lefo-Netz (E-Mail Verteiler)<\/strong><\/span><\/h4>\n\n\n\n<p><span style=\"color: #000000;\">Alle Logop\u00e4die Studierende der RWTH werden in den E-Mail Verteiler aufgenommen. Mitglieder sind au\u00dferdem Ehemalige und Dozent:innen. Es gibt interessante Informationen \u00fcber Stellenanzeigen, Umfragen, Projekte und Anregungen bzgl. der Logop\u00e4die.<\/span><\/p>\n","protected":false},"excerpt":{"rendered":"<p>Wichtige Internetseiten Seite der Universit\u00e4t:&nbsp;www.rwth-aachen.de RWTH-Seite der Logop\u00e4die-Studieng\u00e4nge: https:\/\/www.medizin.rwth-aachen.de\/cms\/Medizin\/Studium\/Studiengaenge\/~ccot\/Logopaedische-Studiengaenge\/ hier findet ihr wichtige Downloads: aktueller wissenschaftlicher Leitfaden Versicherungsschutz im Praktikum Literaturausleihe die Kontaktdaten der Studiengangskoordination Fristen RWTH-Online:&nbsp;https:\/\/online.rwth-aachen.de\/RWTHonline Einschreibung in Vorlesungen und Pr\u00fcfungen \u00dcberpr\u00fcfung, ob der Semesterbeitrag eingegangen ist Notenver\u00f6ffentlichungen der Uni Studienbescheinigung zum Herunterladen und Ausdrucken RWTH-Mail:&nbsp;https:\/\/mail.rwth-aachen.de E-Mail von Seiten [&hellip;]<\/p>\n","protected":false},"author":4,"featured_media":0,"parent":0,"menu_order":0,"comment_status":"open","ping_status":"closed","template":"","meta":[],"aioseo_notices":[],"_links":{"self":[{"href":"https:\/\/fslogo.rwth-aachen.de\/index.php\/wp-json\/wp\/v2\/pages\/2"}],"collection":[{"href":"https:\/\/fslogo.rwth-aachen.de\/index.php\/wp-json\/wp\/v2\/pages"}],"about":[{"href":"https:\/\/fslogo.rwth-aachen.de\/index.php\/wp-json\/wp\/v2\/types\/page"}],"author":[{"embeddable":true,"href":"https:\/\/fslogo.rwth-aachen.de\/index.php\/wp-json\/wp\/v2\/users\/4"}],"replies":[{"embeddable":true,"href":"https:\/\/fslogo.rwth-aachen.de\/index.php\/wp-json\/wp\/v2\/comments?post=2"}],"version-history":[{"count":74,"href":"https:\/\/fslogo.rwth-aachen.de\/index.php\/wp-json\/wp\/v2\/pages\/2\/revisions"}],"predecessor-version":[{"id":1857,"href":"https:\/\/fslogo.rwth-aachen.de\/index.php\/wp-json\/wp\/v2\/pages\/2\/revisions\/1857"}],"wp:attachment":[{"href":"https:\/\/fslogo.rwth-aachen.de\/index.php\/wp-json\/wp\/v2\/media?parent=2"}],"curies":[{"name":"wp","href":"https:\/\/api.w.org\/{rel}","templated":true}]}}