{"id":704,"date":"2022-07-07T18:02:44","date_gmt":"2022-07-07T16:02:44","guid":{"rendered":"https:\/\/fslogo.rwth-aachen.de\/?page_id=704"},"modified":"2024-11-26T17:34:27","modified_gmt":"2024-11-26T16:34:27","slug":"bibliothek-der-schule-fur-logopadie","status":"publish","type":"page","link":"https:\/\/fslogo.rwth-aachen.de\/index.php\/buchverleih\/bibliothek-der-schule-fur-logopadie\/","title":{"rendered":"Bibliothek der Schule f\u00fcr Logop\u00e4die"},"content":{"rendered":"\n<p>Die Pr\u00e4senzbibliothek befindet sich in den R\u00e4umen der Logop\u00e4dieschule im Gro\u00dfraumb\u00fcro der Lerhlogop\u00e4d*innen (Etage 1, Flur 46, Raum 3; N\u00e4he Aufzug C6) und ist f\u00fcr Studierende zug\u00e4nglich. Eine Liste des Angebots liegt vor Ort in Papierform vor.<\/p>\n\n\n\n<div class=\"wp-block-buttons\">\n<div class=\"wp-block-button\"><a class=\"wp-block-button__link\" href=\"#umfasst\"><strong>Die Bibliothek umfasst<\/strong><\/a><\/div>\n\n\n\n<div class=\"wp-block-button is-style-fill\"><a class=\"wp-block-button__link\" href=\"#zufinden\"><strong>Online zu finden unter<\/strong><\/a><\/div>\n\n\n\n<div class=\"wp-block-button is-style-fill\"><a class=\"wp-block-button__link\" href=\"#bedingungen\"><strong>Ausleihbedingungen (B\u00fccher)<\/strong><\/a><\/div>\n\n\n\n<div class=\"wp-block-button is-style-fill\"><a class=\"wp-block-button__link\" href=\"#ausnahme\"><strong>Ausnahmeregelungen<\/strong><\/a><\/div>\n<\/div>\n\n\n\n<hr class=\"wp-block-separator\"\/>\n\n\n\n<h4 id=\"umfasst\"><strong>Die Bibliothek umfasst:<\/strong><\/h4>\n\n\n\n<ul><li>\u00fcber <strong>2308 B\u00fccher und Medien<\/strong>, unterteilt in 23 Kategorien, darunter ca. <strong>334 Projektarbeiten<\/strong> von Studierenden<\/li><li>ca. <strong>180 Diagnostik- und Testverfahren<\/strong> sowie ca. <strong>408 Therapiematerialien<\/strong>.<\/li><li>Die Zeitschriften Neurologie und Rehabilitation, \u201eL.O.G.O.S interdisziplin\u00e4r\u201c und \u201eForum Logop\u00e4die\u201c werden in der Pr\u00e4senzbibliothek zur Verf\u00fcgung gestellt (sind von Lehrkr\u00e4ften privat abonniert)<\/li><\/ul>\n\n\n\n<hr class=\"wp-block-separator\"\/>\n\n\n\n<h4 id=\"zufinden\"><strong>Online zu finden unter:<\/strong><\/h4>\n\n\n\n<ul><li><strong>EndNote-Literaturverwaltungsprogramm<\/strong>, mit dem gew\u00fcnschte Literatur in Absprache mit einer Lehrlogop\u00e4din\/einem Lehrlogop\u00e4den gesucht werden kann (auch \u00fcber Schlagw\u00f6rter)<\/li><li>Im <strong>Katalog der Universit\u00e4tsbibliothek<\/strong> auf der Website der Uniklinik<\/li><li><strong>emsl-Raum<\/strong>: der Gesamtkatalog sowie die Informationen zu den Ausleihkonditionen (relevant f\u00fcr Bachelor-Student*innen)<\/li><\/ul>\n\n\n\n<hr class=\"wp-block-separator\"\/>\n\n\n\n<blockquote class=\"wp-block-quote is-style-default\"><p><strong><span class=\"has-inline-color has-vivid-red-color\">Allgemein<\/span> <\/strong><span class=\"has-inline-color has-vivid-red-color\"><strong>wichtig<\/strong><\/span><\/p><p><span class=\"has-inline-color has-vivid-red-color\">Die B\u00fccher sowie Diagnostik- und Therapiematerialien der <strong>Pr\u00e4senzbibliothek<\/strong> sollen vorrangig f\u00fcr die Verwendung in Unterricht und Therapie f\u00fcr die Bachelorstudierenden bis zum Staatsexamen und f\u00fcr die Dozent*innen der Schule f\u00fcr Logop\u00e4die zur Verf\u00fcgung stehen.<\/span><\/p><\/blockquote>\n\n\n\n<hr class=\"wp-block-separator\"\/>\n\n\n\n<h4 id=\"bedingungen\"><strong>Ausleihbedingungen (B\u00fccher)<\/strong><\/h4>\n\n\n\n<ul><li>Die Ausleihe erfolgt \u00fcber das Schulsekretariat (Sekretariat der Schule f\u00fcr Logop\u00e4die in der N\u00e4he von Aufzug C5, Etage 1, Flur 44, Raum 7). B\u00fccher sollen nicht selbstst\u00e4ndig aus den Bibliotheksschr\u00e4nken entnommen werden.<\/li><li>Die R\u00fcckgabe erfolgt in der darauf folgeneden Woche.<\/li><li>F\u00fcr die Dauer der Ausleihzeit ist ein g\u00fcltiger Studierendenausweis oder eine Kaution von 10,00 Euro zu hinterlegen (Ausnahme: Studierende bis zum Staatsexamen)<\/li><li>F\u00fcr jedes entliehene Buch wird eine Karteikarte ausgef\u00fcllt, auf der die vollst\u00e4ndige Adresse und Telefonnummer des Ausleihers eingetragen wird.<\/li><li><strong>Ausleihzeiten:<\/strong><br>&#8211; Donnerstag zwischen 14:00 Uhr und 15:30 Uhr sowie<br>&#8211; Freitag zwischen 09:00 Uhr und 10:30 Uhr<\/li><li>R\u00fcckgabezeit:<br>&#8211; am darauffolgenden Montag zwischen 08:00 Uhr und 15:15 Uhr im Sekretariat<\/li><li>Sollte au\u00dferhalb der \u00d6ffnungszeiten Bedarf f\u00fcr eine Ausleihe bestehen, ist es empfehlenswert, vorher bei einer Lehrlogop\u00e4d:in einen Termin per Mail zu vereinbaren. Falls man spontan nach einem Buch schauen m\u00f6chte, k\u00f6nnte es passieren, dass die Bibliothek abgeschlossen ist oder alle Lehrlogop\u00e4d:innen gerade anderweitig besch\u00e4ftigt sind.<\/li><\/ul>\n\n\n<a href=\"https:\/\/fslogo.rwth-aachen.de\/wp-content\/uploads\/2024\/10\/Ausleihbedingungen-Pra\u0308senzbibliothek_Oktober_2024.pdf\" class=\"pdfemb-viewer\" style=\"\" data-width=\"max\" data-height=\"max\"  data-toolbar=\"both\" data-toolbar-fixed=\"on\">Ausleihbedingungen-Pra\u0308senzbibliothek_Oktober_2024<br\/><\/a>\n<p class=\"wp-block-pdfemb-pdf-embedder-viewer\"><\/p>\n\n\n\n<hr class=\"wp-block-separator\"\/>\n\n\n\n<h4 id=\"ausnahme\"><strong>Ausnahmeregelungen<\/strong>:<\/h4>\n\n\n\n<p>Wenn B\u00fccher abweichend von den normalen Ausleihbedingungen bzw. Diagnostik- oder Therapiematerialien ben\u00f6tigt werden, muss die Ausleihe \u00fcber eine Logop\u00e4die-Lehrkraft erfolgen (bei Diagnostik- oder Therapiematerialien \u00fcber die f\u00fcr das Fachgebiet zust\u00e4ndige Lehrkraft).<\/p>\n\n\n\n<p>Dabei ist folgendes Vorgehen zu beachten:<\/p>\n\n\n\n<ul><li>Terminabsprache mit einer Logop\u00e4die-Lehrkraft (E-mail, Telefon). Der\/die Ansprechpartner:in \u00fcberpr\u00fcft zun\u00e4chst, ob das angefragte Buch, das Diagnostik- oder Therapiematerial aktuell an der Schule ben\u00f6tigt wird.<\/li><li><strong>B\u00fccher:<\/strong> <strong>vollst\u00e4ndiges<\/strong> <strong>Ausf\u00fcllen einer<\/strong> <strong>Karteikarte<\/strong> (insbesondere wichtig: vereinbartes R\u00fcckgabedatum; Name der verleihenden Person, vollst\u00e4ndige Adresse und Telefonnummer der ausleihenden Person)<\/li><li><strong>Diagnostik- und Therapiematerialien:<\/strong> <strong>Eintragung in das vorgesehene Ausleihheft<\/strong> im Diagnostikschrank (einzutragen sind: Titel und Signatur des ausgeliehenen Materials, vereinbartes R\u00fcckgabedatum; Name der verleihenden Person, vollst\u00e4ndige Adresse und Telefonnummer der ausleihenden Person)<\/li><li>Hinterlegen eines g\u00fcltigen Studentenausweises oder eine Kaution von 10,00 Euro<\/li><li>Ausleihzeit: <strong>2 Wochen!!<\/strong><\/li><li>Terminabsprache f\u00fcr die R\u00fcckgabe mit der ausleihenden Person<\/li><li><strong>Diese Person kontrolliert die R\u00fcckgabe des Buches bzw. der Materialien!<\/strong><\/li><\/ul>\n","protected":false},"excerpt":{"rendered":"<p>Die Pr\u00e4senzbibliothek befindet sich in den R\u00e4umen der Logop\u00e4dieschule im Gro\u00dfraumb\u00fcro der Lerhlogop\u00e4d*innen (Etage 1, Flur 46, Raum 3; N\u00e4he Aufzug C6) und ist f\u00fcr Studierende zug\u00e4nglich. Eine Liste des Angebots liegt vor Ort in Papierform vor. Die Bibliothek umfasst: \u00fcber 2308 B\u00fccher und Medien, unterteilt in 23 Kategorien, darunter [&hellip;]<\/p>\n","protected":false},"author":9,"featured_media":1283,"parent":135,"menu_order":0,"comment_status":"closed","ping_status":"closed","template":"","meta":[],"aioseo_notices":[],"_links":{"self":[{"href":"https:\/\/fslogo.rwth-aachen.de\/index.php\/wp-json\/wp\/v2\/pages\/704"}],"collection":[{"href":"https:\/\/fslogo.rwth-aachen.de\/index.php\/wp-json\/wp\/v2\/pages"}],"about":[{"href":"https:\/\/fslogo.rwth-aachen.de\/index.php\/wp-json\/wp\/v2\/types\/page"}],"author":[{"embeddable":true,"href":"https:\/\/fslogo.rwth-aachen.de\/index.php\/wp-json\/wp\/v2\/users\/9"}],"replies":[{"embeddable":true,"href":"https:\/\/fslogo.rwth-aachen.de\/index.php\/wp-json\/wp\/v2\/comments?post=704"}],"version-history":[{"count":15,"href":"https:\/\/fslogo.rwth-aachen.de\/index.php\/wp-json\/wp\/v2\/pages\/704\/revisions"}],"predecessor-version":[{"id":2490,"href":"https:\/\/fslogo.rwth-aachen.de\/index.php\/wp-json\/wp\/v2\/pages\/704\/revisions\/2490"}],"up":[{"embeddable":true,"href":"https:\/\/fslogo.rwth-aachen.de\/index.php\/wp-json\/wp\/v2\/pages\/135"}],"wp:featuredmedia":[{"embeddable":true,"href":"https:\/\/fslogo.rwth-aachen.de\/index.php\/wp-json\/wp\/v2\/media\/1283"}],"wp:attachment":[{"href":"https:\/\/fslogo.rwth-aachen.de\/index.php\/wp-json\/wp\/v2\/media?parent=704"}],"curies":[{"name":"wp","href":"https:\/\/api.w.org\/{rel}","templated":true}]}}