{"id":80,"date":"2016-12-11T18:38:12","date_gmt":"2016-12-11T17:38:12","guid":{"rendered":"https:\/\/fslogo.rwth-aachen.de\/?page_id=80"},"modified":"2022-07-18T00:53:29","modified_gmt":"2022-07-17T22:53:29","slug":"masterstudium","status":"publish","type":"page","link":"https:\/\/fslogo.rwth-aachen.de\/index.php\/masterstudium\/","title":{"rendered":"Masterstudium"},"content":{"rendered":"<p><strong>Zulassung<\/strong><\/p>\n<p>Nach dem erfolgreichen Abschluss Logop\u00e4die (B.Sc.) mindestens mit der Note: 2,5<\/p>\n<p><strong>Beginn<\/strong><\/p>\n<p>Sowohl Sommer- als auch Wintersemester<br \/>\nZum Sommersemester werden jeweils 5 neue Masterstudenten zugelassen, zum Wintersemester 15.<\/p>\n<p><strong>Inhaltlicher Aufbau des Studiums<\/strong><\/p>\n<p>Der Master-Studiengang dauert zwei Jahre (120 ECTS). Schwerpunkte sind die Therapieforschung und die Lehr- und Lernforschung. Neben der Vermittlung theoretischer Inhalte spielt in beiden Schwerpunkten die praktische Umsetzung in Form von experimenteller Therapieplanung sowie von Lehrproben eine wichtige Rolle. Dazu lernen die Studierenden im Bereich Therapieforschung den aktuellen Forschungsstand kritisch zu reflektieren und in erste eigene therapeutische Experimente umzusetzen. Im Bereich Lehr- und Lernforschung lernen die Studierenden didaktische Konzepte kennen und erproben diese in eigenen Unterrichtseinheiten an der Fachschule oder im Bachelor-Studiengang.<\/p>\n<p>Im Projektstudium sollen die Studierenden vorzugsweise ein empirisches Projekt wahlweise aus dem Bereich der Therapie- oder der Lehr- und Lernforschung planen und durchf\u00fchren. Dieses Projekt bildet die Grundlage f\u00fcr die Master-Arbeit, in der die Studierenden zeigen sollen, dass sie ein Thema auf wissenschaftlichem Niveau bearbeiten und nach M\u00f6glichkeit selbst\u00e4ndig auf eine eigene empirische Studie anwenden k\u00f6nnen. Zudem sollen sie in der Lage sein, Resultate ihrer Studie anschaulich zu pr\u00e4sentieren.<\/p>\n<p>Die Pr\u00fcfungsordnung finden Sie unter: <a href=\"http:\/\/www.rwth-aachen.de\/global\/show_document.asp?id=aaaaaaaaaassujf\">Pr\u00fcfungsordnung Master<\/a><\/p>\n<p><strong>Ziel<\/strong><\/p>\n<p>Ziel des Master-Studiums ist die Qualifikation sowohl zu einer wissenschaftlich begr\u00fcndeten Lehre in der berufspraktischen Ausbildung an den Fachschulen als auch zu eigener Forschung in Diagnostik und Therapie.<\/p>\n<p><strong>Berufliche Perspektiven<\/strong><\/p>\n<p>Das Master-Studium qualifiziert die Studierenden sowohl f\u00fcr die Therapieforschung als auch f\u00fcr das Berufsfeld der Lehrlogop\u00e4die. Die Master-Absolvent:innen haben gelernt, Forschungsergebnisse kritisch zu hinterfragen sowie eigene empirische Daten zu erheben, zu analysieren und zu interpretieren. Dadurch erschlie\u00dft sich ihnen, insbesondere mit anschlie\u00dfender Promotion, der Bereich der Therapieforschung an Hochschulen und anderen Forschungseinrichtungen. Master-Absolvent:innen haben jedoch auch gelernt, fachliche und praktische Inhalte didaktisch aufzubereiten und diese kompetent und anschaulich zu vermitteln. Dies qualifiziert sie f\u00fcr Lehraufgaben an den Fachschulen. Zudem sind sie im klinischen Bereich f\u00fcr Leitungs-, Supervisions- und Koordinationsaufgaben geeignet.<\/p>\n<p><strong>Abschluss<\/strong><\/p>\n<p>Logop\u00e4die: Master of Science RWTH Aachen University (M.Sc.RWTH). Die Masterurkunde berechtigt zur Promotion an der Philosophischen Fakult\u00e4t (Dr. phil.) oder an der Medizinischen Fakult\u00e4t (Dr. rer. medic.).<\/p>\n","protected":false},"excerpt":{"rendered":"<p>Zulassung Nach dem erfolgreichen Abschluss Logop\u00e4die (B.Sc.) mindestens mit der Note: 2,5 Beginn Sowohl Sommer- als auch Wintersemester Zum Sommersemester werden jeweils 5 neue Masterstudenten zugelassen, zum Wintersemester 15. Inhaltlicher Aufbau des Studiums Der Master-Studiengang dauert zwei Jahre (120 ECTS). Schwerpunkte sind die Therapieforschung und die Lehr- und Lernforschung. Neben [&hellip;]<\/p>\n","protected":false},"author":4,"featured_media":0,"parent":0,"menu_order":0,"comment_status":"closed","ping_status":"closed","template":"","meta":[],"aioseo_notices":[],"_links":{"self":[{"href":"https:\/\/fslogo.rwth-aachen.de\/index.php\/wp-json\/wp\/v2\/pages\/80"}],"collection":[{"href":"https:\/\/fslogo.rwth-aachen.de\/index.php\/wp-json\/wp\/v2\/pages"}],"about":[{"href":"https:\/\/fslogo.rwth-aachen.de\/index.php\/wp-json\/wp\/v2\/types\/page"}],"author":[{"embeddable":true,"href":"https:\/\/fslogo.rwth-aachen.de\/index.php\/wp-json\/wp\/v2\/users\/4"}],"replies":[{"embeddable":true,"href":"https:\/\/fslogo.rwth-aachen.de\/index.php\/wp-json\/wp\/v2\/comments?post=80"}],"version-history":[{"count":3,"href":"https:\/\/fslogo.rwth-aachen.de\/index.php\/wp-json\/wp\/v2\/pages\/80\/revisions"}],"predecessor-version":[{"id":974,"href":"https:\/\/fslogo.rwth-aachen.de\/index.php\/wp-json\/wp\/v2\/pages\/80\/revisions\/974"}],"wp:attachment":[{"href":"https:\/\/fslogo.rwth-aachen.de\/index.php\/wp-json\/wp\/v2\/media?parent=80"}],"curies":[{"name":"wp","href":"https:\/\/api.w.org\/{rel}","templated":true}]}}