{"id":861,"date":"2022-07-09T00:14:26","date_gmt":"2022-07-08T22:14:26","guid":{"rendered":"https:\/\/fslogo.rwth-aachen.de\/?page_id=861"},"modified":"2023-01-25T15:53:20","modified_gmt":"2023-01-25T14:53:20","slug":"tipps-fur-die-ausbildung","status":"publish","type":"page","link":"https:\/\/fslogo.rwth-aachen.de\/index.php\/tipps-fur-die-ausbildung\/","title":{"rendered":"Tipps f\u00fcr die Ausbildung"},"content":{"rendered":"\n<div class=\"wp-block-buttons\">\n<div class=\"wp-block-button is-style-fill\"><a class=\"wp-block-button__link\" href=\"#digitales-Steckbrett\">Digitales Steckbrett<\/a><\/div>\n\n\n\n<div class=\"wp-block-button\"><a class=\"wp-block-button__link\" href=\"#Hospitationen\">Hospitationen<\/a><\/div>\n\n\n\n<div class=\"wp-block-button is-style-fill\"><a class=\"wp-block-button__link\" href=\"#Studiennachweis-Mappe\">Studiennachweis-Mappe<\/a><\/div>\n\n\n\n<div class=\"wp-block-button is-style-fill\"><a class=\"wp-block-button__link\" href=\"#Krankmeldung\">Krankmeldung<\/a><\/div>\n<\/div>\n\n\n\n<hr class=\"wp-block-separator\"\/>\n\n\n\n<h4 id=\"digitales-Steckbrett\"><strong>Digitales Steckbrett<\/strong><\/h4>\n\n\n\n<p>Hier werden Termine eingetragen sobald in den R\u00e4umlichkeiten der Schule ein Raum reserviert werden muss. Das digitale Steckbrett findet ihr im Kalendar von Outlook des UKA. F\u00fcr die Therapien gibt es eine bestimmt Farbzuordnung:&nbsp;<\/p>\n\n\n\n<ul><li>Gr\u00fcn = Stimmtherapie<\/li><li>Gelb = Stotter- und Polterherapie<\/li><li>Rot = Kindersprachetherapie<\/li><li>Lila = Aphasietherapie<\/li><\/ul>\n\n\n\n<h4 id=\"Hospitationen\"><strong>Hospitationen<\/strong><\/h4>\n\n\n\n<ul><li>Innerhalb der Ausbildung kannst du bei den Lehrlogop\u00e4den:innen, deinen Kommiliton:innen und meist auch dem vorausgehenden Kurs hospitieren.<\/li><li>Am besten beginnst du zu hospitieren, bevor die theoretische Ausbildung des St\u00f6rungsfelds abgeschlossen ist.<\/li><li>Bleib&#8217; am besten mit deinem:er Paten:in im Kontakt, wo du zuschauen k\u00f6nntest!<\/li><\/ul>\n\n\n\n<h4 id=\"Studiennachweis-Mappe\"><strong>Studiennachweis-Mappe<\/strong><\/h4>\n\n\n\n<p>(Alle Auszubildenden erhalten das Studienbuch innerhalb der ersten Ausbildungswoche)<\/p>\n\n\n\n<ul><li>Darin werden Hospitationen, Therapien, Klausuren, besuchte Pflichtveranstaltungen eingetragen und von den Lehrlogop\u00e4d:innen unterzeichnet<\/li><li>Darin findet ihr die Ausbildungs- und Pr\u00fcfungsordnung, sowie \u00dcbersichten zu den Themenbereichen, die in der Ausbildung behandelt werden<\/li><li>Bl\u00e4ttert da am besten regelm\u00e4\u00dfig mal durch. Ihr seid daf\u00fcr verantwortlich, dass die Sachen eingetragen und unterzeichnet werden!<\/li><\/ul>\n\n\n\n<h4 id=\"Krankmeldung\"><strong>Krankmeldung<\/strong><\/h4>\n\n\n\n<ul><li>Im Krankheitsfall kann man sich bis zu drei Tage ohne Attest krank melden (per E-Mail inklusive Stellung zur Krankmeldung)<\/li><li>Ganz wichtig: wenn ihr gesund und wieder da seid m\u00fcsst ihr euch pers\u00f6nlich bei Frau G\u00f6ntges im Sekretariat wieder gesund melden<\/li><li>E-Mail: <a href=\"mailto:logopaedie@uk-aachen.de\">logopaedie@uk-aachen.de<\/a><\/li><li>Formular unter: EMSL-Raum &#8211;&gt; Allgemeines zu Ausbildung und Studium<br>&#8211;&gt; Formulare, Technikmanuale, etc. &#8211;&gt; Stellungnahme Krankmeldung<\/li><\/ul>\n","protected":false},"excerpt":{"rendered":"<p>Digitales Steckbrett Hier werden Termine eingetragen sobald in den R\u00e4umlichkeiten der Schule ein Raum reserviert werden muss. Das digitale Steckbrett findet ihr im Kalendar von Outlook des UKA. F\u00fcr die Therapien gibt es eine bestimmt Farbzuordnung:&nbsp; Gr\u00fcn = Stimmtherapie Gelb = Stotter- und Polterherapie Rot = Kindersprachetherapie Lila = Aphasietherapie [&hellip;]<\/p>\n","protected":false},"author":9,"featured_media":0,"parent":0,"menu_order":0,"comment_status":"closed","ping_status":"closed","template":"","meta":[],"aioseo_notices":[],"_links":{"self":[{"href":"https:\/\/fslogo.rwth-aachen.de\/index.php\/wp-json\/wp\/v2\/pages\/861"}],"collection":[{"href":"https:\/\/fslogo.rwth-aachen.de\/index.php\/wp-json\/wp\/v2\/pages"}],"about":[{"href":"https:\/\/fslogo.rwth-aachen.de\/index.php\/wp-json\/wp\/v2\/types\/page"}],"author":[{"embeddable":true,"href":"https:\/\/fslogo.rwth-aachen.de\/index.php\/wp-json\/wp\/v2\/users\/9"}],"replies":[{"embeddable":true,"href":"https:\/\/fslogo.rwth-aachen.de\/index.php\/wp-json\/wp\/v2\/comments?post=861"}],"version-history":[{"count":6,"href":"https:\/\/fslogo.rwth-aachen.de\/index.php\/wp-json\/wp\/v2\/pages\/861\/revisions"}],"predecessor-version":[{"id":1830,"href":"https:\/\/fslogo.rwth-aachen.de\/index.php\/wp-json\/wp\/v2\/pages\/861\/revisions\/1830"}],"wp:attachment":[{"href":"https:\/\/fslogo.rwth-aachen.de\/index.php\/wp-json\/wp\/v2\/media?parent=861"}],"curies":[{"name":"wp","href":"https:\/\/api.w.org\/{rel}","templated":true}]}}