{"id":871,"date":"2022-07-09T13:39:11","date_gmt":"2022-07-09T11:39:11","guid":{"rendered":"https:\/\/fslogo.rwth-aachen.de\/?page_id=871"},"modified":"2023-10-19T11:34:46","modified_gmt":"2023-10-19T09:34:46","slug":"anschaffungen","status":"publish","type":"page","link":"https:\/\/fslogo.rwth-aachen.de\/index.php\/anschaffungen\/","title":{"rendered":"Anschaffungen"},"content":{"rendered":"\n<p>Wir versuchen f\u00fcr euch immer wieder coole Sachen zu besorgen, die wir gemeinsam bei Aktionen oder Projekten gebrauchen k\u00f6nnen. <br><br>Wenn ihr also gerade ein Event organisiert, wie z.B. das Teddyb\u00e4rkrankenhaus, die Ersti-Ralley, \u2026, scrollt gerne mal durch. Vielleicht k\u00f6nnt ihr die ein oder andere Sache gut gebrauchen.<\/p>\n\n\n\n<p>Alle Sachen sind zum Verleih. M\u00fcssen also zur\u00fcckgebracht werden. Ausgenommen unser &#8220;Merch&#8221;, also momentan Sticker &amp; Flyer \ud83d\ude09<\/p>\n\n\n\n<p>Schreibt bei Interesse einfach eine Mail an uns.<\/p>\n\n\n\n<hr class=\"wp-block-separator\"\/>\n\n\n\n<h2>Unsere Anschaffungen zum Ausleihen\/Verwenden<\/h2>\n\n\n\n<figure class=\"wp-block-table is-style-stripes\"><table><thead><tr><th>verf\u00fcgbare Anzahl<\/th><th>Gegenstand<\/th><th>Benutzerstatus<\/th><\/tr><\/thead><tbody><tr><td>1<\/td><td>Bollerwagen<\/td><td><\/td><\/tr><tr><td>2<\/td><td>kleine Eimergrills<\/td><td><\/td><\/tr><tr><td>1<\/td><td>Fachschafts-Banner<\/td><td><\/td><\/tr><tr><td>1<\/td><td>Fachschafts-Beachflag + Fu\u00df<\/td><td><\/td><\/tr><tr><td>1<\/td><td>Spiel &#8220;Sandpusten&#8221;: Kiste mit Sand + Strohhalme<\/td><td><\/td><\/tr><tr><td>1<\/td><td>Dose Stra\u00dfenmalkreide<\/td><td><\/td><\/tr><tr><td>5<\/td><td>Fachschafts-T-Shirts in versch. Gr\u00f6\u00dfen<\/td><td><\/td><\/tr><tr><td>1<\/td><td>Wikingerschach<\/td><td><\/td><\/tr><tr><td>1<\/td><td>Spikeball<\/td><td><\/td><\/tr><tr><td>1<\/td><td>Boule-Spiel<\/td><td><\/td><\/tr><tr><td>1<\/td><td>Code-Names<\/td><td><\/td><\/tr><tr><td>1<\/td><td>Absaugger\u00e4t mit Zubeh\u00f6r<\/td><td><\/td><\/tr><tr><td>mehrere<\/td><td>Trachealkan\u00fclen mit Zubeh\u00f6r<\/td><td><\/td><\/tr><tr><td>viele<\/td><td>Sticker mit verschiedenen <a href=\"https:\/\/fslogo.rwth-aachen.de\/index.php\/werbungs-team\/\" title=\"Logo-Motiven\">Logo-Motiven<\/a> \ud83d\ude42<\/td><td><\/td><\/tr><tr><td>ca. 60<\/td><td>Becher mit Logo-Motiv<\/td><td><\/td><\/tr><tr><td>ein paar<\/td><td>Myo-Silikonschl\u00e4uche<\/td><td>bestellen wir auch gerne nach<\/td><\/tr><tr><td>viele<\/td><td>Flyer (siehe <a href=\"https:\/\/fslogo.rwth-aachen.de\/index.php\/logopadie\/\" title=\"hier\">hier<\/a>)<\/td><td><\/td><\/tr><tr><td>3<\/td><td>gro\u00dfe Info-Poster \u00fcber Logop\u00e4die: Allgemein, Bildungswege, Beruf<\/td><td><\/td><\/tr><tr><td>?<\/td><td>laminierte Bildkarten (f\u00fcr Silbenh\u00fcpfen)<\/td><td><\/td><\/tr><tr><td>30<\/td><td>verschiedene Kindersptempel<\/td><td><\/td><\/tr><tr><td>1<\/td><td>Gl\u00fccksrad aus Holz<\/td><td><\/td><\/tr><\/tbody><\/table><\/figure>\n\n\n\n<hr class=\"wp-block-separator\"\/>\n","protected":false},"excerpt":{"rendered":"<p>Wir versuchen f\u00fcr euch immer wieder coole Sachen zu besorgen, die wir gemeinsam bei Aktionen oder Projekten gebrauchen k\u00f6nnen. Wenn ihr also gerade ein Event organisiert, wie z.B. das Teddyb\u00e4rkrankenhaus, die Ersti-Ralley, \u2026, scrollt gerne mal durch. Vielleicht k\u00f6nnt ihr die ein oder andere Sache gut gebrauchen. Alle Sachen sind [&hellip;]<\/p>\n","protected":false},"author":9,"featured_media":0,"parent":0,"menu_order":0,"comment_status":"closed","ping_status":"closed","template":"","meta":[],"aioseo_notices":[],"_links":{"self":[{"href":"https:\/\/fslogo.rwth-aachen.de\/index.php\/wp-json\/wp\/v2\/pages\/871"}],"collection":[{"href":"https:\/\/fslogo.rwth-aachen.de\/index.php\/wp-json\/wp\/v2\/pages"}],"about":[{"href":"https:\/\/fslogo.rwth-aachen.de\/index.php\/wp-json\/wp\/v2\/types\/page"}],"author":[{"embeddable":true,"href":"https:\/\/fslogo.rwth-aachen.de\/index.php\/wp-json\/wp\/v2\/users\/9"}],"replies":[{"embeddable":true,"href":"https:\/\/fslogo.rwth-aachen.de\/index.php\/wp-json\/wp\/v2\/comments?post=871"}],"version-history":[{"count":16,"href":"https:\/\/fslogo.rwth-aachen.de\/index.php\/wp-json\/wp\/v2\/pages\/871\/revisions"}],"predecessor-version":[{"id":2417,"href":"https:\/\/fslogo.rwth-aachen.de\/index.php\/wp-json\/wp\/v2\/pages\/871\/revisions\/2417"}],"wp:attachment":[{"href":"https:\/\/fslogo.rwth-aachen.de\/index.php\/wp-json\/wp\/v2\/media?parent=871"}],"curies":[{"name":"wp","href":"https:\/\/api.w.org\/{rel}","templated":true}]}}