{"id":891,"date":"2022-07-17T14:05:14","date_gmt":"2022-07-17T12:05:14","guid":{"rendered":"https:\/\/fslogo.rwth-aachen.de\/?page_id=891"},"modified":"2023-11-06T17:46:55","modified_gmt":"2023-11-06T16:46:55","slug":"wir-organisieren","status":"publish","type":"page","link":"https:\/\/fslogo.rwth-aachen.de\/index.php\/wir-organisieren\/","title":{"rendered":"Wir sind dabei&#8230;"},"content":{"rendered":"\n<div class=\"wp-block-buttons\">\n<div class=\"wp-block-button is-style-fill\"><a class=\"wp-block-button__link\" href=\"https:\/\/fslogo.rwth-aachen.de\/index.php\/interne-veranstaltungen\/\">Ersti-Woche<\/a><\/div>\n\n\n\n<div class=\"wp-block-button is-style-fill\"><a class=\"wp-block-button__link has-cyan-bluish-gray-background-color has-background\" href=\"https:\/\/fslogo.rwth-aachen.de\/index.php\/onboarding\/\">Onboarding<\/a><\/div>\n\n\n\n<div class=\"wp-block-button\"><a class=\"wp-block-button__link has-pale-pink-background-color has-background\" href=\"https:\/\/fslogo.rwth-aachen.de\/index.php\/sus\/\">SuS<\/a><\/div>\n\n\n\n<div class=\"wp-block-button is-style-fill\"><a class=\"wp-block-button__link has-vivid-red-background-color has-background\" href=\"https:\/\/fslogo.rwth-aachen.de\/index.php\/lola\/\">LoLA<\/a><\/div>\n\n\n\n<div class=\"wp-block-button is-style-fill\"><a class=\"wp-block-button__link has-luminous-vivid-orange-background-color has-background\" href=\"https:\/\/fslogo.rwth-aachen.de\/index.php\/akademisierung\/\">Akademisierung<\/a><\/div>\n\n\n\n<div class=\"wp-block-button is-style-fill\"><a class=\"wp-block-button__link has-luminous-vivid-amber-background-color has-background\" href=\"https:\/\/fslogo.rwth-aachen.de\/index.php\/weihnachtsfeier\/\">Weihnachtsfeier<\/a><\/div>\n\n\n\n<div class=\"wp-block-button is-style-fill\"><a class=\"wp-block-button__link has-light-green-cyan-background-color has-background\" href=\"https:\/\/fslogo.rwth-aachen.de\/index.php\/studifest\/\">Studifest<\/a><\/div>\n\n\n\n<div class=\"wp-block-button is-style-fill\"><a class=\"wp-block-button__link has-vivid-green-cyan-background-color has-background\" href=\"https:\/\/fslogo.rwth-aachen.de\/index.php\/teddybar-krankenhaus\/\">Teddyb\u00e4r-Krankenaus<\/a><\/div>\n\n\n\n<div class=\"wp-block-button is-style-fill\"><a class=\"wp-block-button__link has-pale-cyan-blue-background-color has-background\" href=\"https:\/\/fslogo.rwth-aachen.de\/index.php\/logo-partys\/\">Partys<\/a><\/div>\n\n\n\n<div class=\"wp-block-button is-style-fill\"><a class=\"wp-block-button__link has-vivid-cyan-blue-background-color has-background\" href=\"https:\/\/fslogo.rwth-aachen.de\/index.php\/home\/\">Tag der Logop\u00e4die<\/a><\/div>\n\n\n\n<div class=\"wp-block-button is-style-fill\"><a class=\"wp-block-button__link has-vivid-purple-background-color has-background\" href=\"https:\/\/fslogo.rwth-aachen.de\/index.php\/november-kolloquium\/\">November-Kolloquium<\/a><\/div>\n\n\n\n<div class=\"wp-block-button is-style-fill\"><a class=\"wp-block-button__link has-background\" href=\"https:\/\/fslogo.rwth-aachen.de\/index.php\/anschaffungen\/\" style=\"background-color:#a30089\">Anschaffungen<\/a><\/div>\n<\/div>\n\n\n\n<hr class=\"wp-block-separator\"\/>\n\n\n\n<h3>Wir veranstalten:<\/h3>\n\n\n\n<ol><li>interne und externe Veranstaltungen <\/li><li>Projekte und Arbeitsgruppen zu bestimmten Themen <\/li><\/ol>\n\n\n\n<hr class=\"wp-block-separator\"\/>\n\n\n\n<h3>Warum?<\/h3>\n\n\n\n<p>Es ist nat\u00fcrlich sch\u00f6n Kommiliton:innen auch au\u00dferhalb des Uni-Settings kennenzulernen. Hierf\u00fcr gibt es sozusagen &#8220;<strong>interne<\/strong> Veranstaltungen&#8221;. Darunter fallen zum Beispiel die Ersti-Woche, Das Onboarding, Grillevents im Park, gemeinsame Kegel- oder Kneipenabende, &#8230;<\/p>\n\n\n\n<p>&#8220;<strong>Externe<\/strong> Veranstaltungen&#8221; sind vor allem geeignet unsere Studieng\u00e4nge nach au\u00dfen hin zu pr\u00e4sentieren. So k\u00f6nnen wir unser Berufsbild sowohl f\u00fcr andere Studierende als auch f\u00fcr Nicht-Studierende sichtbarer machen. F\u00fcr uns bedeutet das auch, dass wir hierbei Leute aus anderen studentischen Initiativen und Fachschaften kennenlernen und uns vernetzen k\u00f6nnen.  Hierunter fallen zum Beispiel das Studifest oder die Arbeitsgruppe Akademisierung.<\/p>\n\n\n\n<p>Die Projekte und Arbeitsgruppen k\u00f6nnen f\u00fcr beides relevant sein. Auf der einen Seite vernetzt man sich so innerhalb unserer Studieng\u00e4nge und der Fachschaft. Auf der anderen Seite kann das Projekt nat\u00fcrlich \u00d6ffentlichkeitsarbeit betreffen und erm\u00f6glicht auch Vernetzung au\u00dferhalb der Fachschaft.<\/p>\n\n\n\n<figure class=\"wp-block-pullquote is-style-default\" style=\"border-color:#000000\"><blockquote class=\"has-text-color has-black-color\"><p>&#8220;Wie kann ich mitmachen?&#8221;, fragt ihr euch jetzt vielleicht. <\/p><\/blockquote><\/figure>\n\n\n\n<figure class=\"wp-block-pullquote is-style-default\" style=\"border-color:#a11035\"><blockquote class=\"has-text-color has-black-color\"><p>Das geht ganz einfach!<\/p><p> Entweder du schreibst uns eine Nachricht oder kommst einfach zur n\u00e4chsten Fachschaftsratssitzung. <\/p><\/blockquote><\/figure>\n\n\n\n<p><\/p>\n","protected":false},"excerpt":{"rendered":"<p>Wir veranstalten: interne und externe Veranstaltungen Projekte und Arbeitsgruppen zu bestimmten Themen Warum? Es ist nat\u00fcrlich sch\u00f6n Kommiliton:innen auch au\u00dferhalb des Uni-Settings kennenzulernen. Hierf\u00fcr gibt es sozusagen &#8220;interne Veranstaltungen&#8221;. Darunter fallen zum Beispiel die Ersti-Woche, Das Onboarding, Grillevents im Park, gemeinsame Kegel- oder Kneipenabende, &#8230; &#8220;Externe Veranstaltungen&#8221; sind vor allem [&hellip;]<\/p>\n","protected":false},"author":9,"featured_media":0,"parent":0,"menu_order":0,"comment_status":"closed","ping_status":"closed","template":"","meta":[],"aioseo_notices":[],"_links":{"self":[{"href":"https:\/\/fslogo.rwth-aachen.de\/index.php\/wp-json\/wp\/v2\/pages\/891"}],"collection":[{"href":"https:\/\/fslogo.rwth-aachen.de\/index.php\/wp-json\/wp\/v2\/pages"}],"about":[{"href":"https:\/\/fslogo.rwth-aachen.de\/index.php\/wp-json\/wp\/v2\/types\/page"}],"author":[{"embeddable":true,"href":"https:\/\/fslogo.rwth-aachen.de\/index.php\/wp-json\/wp\/v2\/users\/9"}],"replies":[{"embeddable":true,"href":"https:\/\/fslogo.rwth-aachen.de\/index.php\/wp-json\/wp\/v2\/comments?post=891"}],"version-history":[{"count":14,"href":"https:\/\/fslogo.rwth-aachen.de\/index.php\/wp-json\/wp\/v2\/pages\/891\/revisions"}],"predecessor-version":[{"id":2478,"href":"https:\/\/fslogo.rwth-aachen.de\/index.php\/wp-json\/wp\/v2\/pages\/891\/revisions\/2478"}],"wp:attachment":[{"href":"https:\/\/fslogo.rwth-aachen.de\/index.php\/wp-json\/wp\/v2\/media?parent=891"}],"curies":[{"name":"wp","href":"https:\/\/api.w.org\/{rel}","templated":true}]}}