{"id":930,"date":"2022-07-17T19:32:02","date_gmt":"2022-07-17T17:32:02","guid":{"rendered":"https:\/\/fslogo.rwth-aachen.de\/?page_id=930"},"modified":"2022-12-10T00:07:20","modified_gmt":"2022-12-09T23:07:20","slug":"november-kolloquium","status":"publish","type":"page","link":"https:\/\/fslogo.rwth-aachen.de\/index.php\/november-kolloquium\/","title":{"rendered":"November-Kolloquium"},"content":{"rendered":"\n<p>Das Novemberkolloquium ist einzweit\u00e4giges Kolloquium, das jedes Jahr im November stattfindet, mittlerweile schon seit 26 Jahren. <\/p>\n\n\n\n<p>Es ist sozusagen die offizielle Verabschiedung aus unserem Masterstudium. Alle Absolvent:innen tragen hier ihre Masterarbeits-Projekte vor. <\/p>\n\n\n\n<p>Meistens gibt es zus\u00e4tzlich spannende Gastvortr\u00e4ge zu h\u00f6ren.<\/p>\n\n\n\n<p>Jede:r ist eingeladen zuzuschauen und zuzuh\u00f6ren. Sowohl Bachelor- und Masterstudent:innen unserer als auch anderer Ausbildungsst\u00e4tten und Hochschulen als auch arbeitende Sprachtherapeut:innen und fachfremde Personen.<\/p>\n\n\n\n<div class=\"wp-block-buttons\">\n<div class=\"wp-block-button\"><a class=\"wp-block-button__link\" href=\"#22\">2022<\/a><\/div>\n\n\n\n<div class=\"wp-block-button is-style-fill\"><a class=\"wp-block-button__link\" href=\"#21\">2021<\/a><\/div>\n<\/div>\n\n\n\n<h2>Was macht die Fachschaft?<\/h2>\n\n\n\n<p><strong>LoLA<\/strong>: <\/p>\n\n\n\n<p>Seit Neuestem vergibt die Fachschaft den Lehrepreis an von den Studierenden gew\u00e4hlte Dozierende im Rahmen der Veranstaltung.<\/p>\n\n\n\n<p><strong>Verabschiedung und Begl\u00fcckw\u00fcnschung der Absolvent:innen:<\/strong><\/p>\n\n\n\n<p>Die Fachschaft organisiert einen Teil der Verabschiedung und k\u00fcmmert sich um kleine Pr\u00e4sente f\u00fcr die Absolvent:innen.<\/p>\n\n\n\n<p><strong>Hilfe bei H\u00f6rsaaldiensten:<\/strong><\/p>\n\n\n\n<p>Findet das Kolloquium in Pr\u00e4senz statt, versucht die Fachschaft bei anfallenden kleineren Diensten zu helfen bzw. Helfer:innen zu akquirieren.<\/p>\n\n\n\n<hr class=\"wp-block-separator\"\/>\n\n\n\n<h2 id=\"22\">2022<\/h2>\n\n\n\n<p>18. und 19. November 2022, digital<\/p>\n\n\n\n<p>Das Programm steht fest und ist ver\u00f6ffentlicht.<\/p>\n\n\n\n<p>Unter folgendem Link k\u00f6nnt ihr das Programm und alle Zugangsinformationen f\u00fcr unser diesj\u00e4hriges Kolloquium der Logop\u00e4die abrufen: <a href=\"https:\/\/sway.office.com\/8ZItE3s7vXuNiP4f?ref=Link\">https:\/\/sway.office.com\/8ZItE3s7vXuNiP4f?ref=Link <\/a><\/p>\n\n\n\n<hr class=\"wp-block-separator\"\/>\n\n\n\n<h2 id=\"21\">2021<\/h2>\n\n\n\n<p>am 19. und 20. November 2021 findet das Aachener Kolloquium der Logop\u00e4die statt &#8211; dieses Jahr wieder vollst\u00e4ndig in digitaler Form.<br>Die AbsolventInnen des Masterstudiengangs Lehr- und Forschungslogop\u00e4die pr\u00e4sentieren dort die Ergebnisse ihrer Abschlussprojekte. Dies ist eine gute Gelegenheit, Eindr\u00fccke zu interessanten Fragestellungen der logop\u00e4dischen Forschung zu gewinnen und vielleicht auch schon erste Ideen f\u00fcr das eigene Masterprojekt zu sammeln.&nbsp;<\/p>\n","protected":false},"excerpt":{"rendered":"<p>Das Novemberkolloquium ist einzweit\u00e4giges Kolloquium, das jedes Jahr im November stattfindet, mittlerweile schon seit 26 Jahren. Es ist sozusagen die offizielle Verabschiedung aus unserem Masterstudium. Alle Absolvent:innen tragen hier ihre Masterarbeits-Projekte vor. Meistens gibt es zus\u00e4tzlich spannende Gastvortr\u00e4ge zu h\u00f6ren. Jede:r ist eingeladen zuzuschauen und zuzuh\u00f6ren. Sowohl Bachelor- und Masterstudent:innen [&hellip;]<\/p>\n","protected":false},"author":9,"featured_media":0,"parent":0,"menu_order":0,"comment_status":"closed","ping_status":"closed","template":"","meta":[],"aioseo_notices":[],"_links":{"self":[{"href":"https:\/\/fslogo.rwth-aachen.de\/index.php\/wp-json\/wp\/v2\/pages\/930"}],"collection":[{"href":"https:\/\/fslogo.rwth-aachen.de\/index.php\/wp-json\/wp\/v2\/pages"}],"about":[{"href":"https:\/\/fslogo.rwth-aachen.de\/index.php\/wp-json\/wp\/v2\/types\/page"}],"author":[{"embeddable":true,"href":"https:\/\/fslogo.rwth-aachen.de\/index.php\/wp-json\/wp\/v2\/users\/9"}],"replies":[{"embeddable":true,"href":"https:\/\/fslogo.rwth-aachen.de\/index.php\/wp-json\/wp\/v2\/comments?post=930"}],"version-history":[{"count":7,"href":"https:\/\/fslogo.rwth-aachen.de\/index.php\/wp-json\/wp\/v2\/pages\/930\/revisions"}],"predecessor-version":[{"id":1525,"href":"https:\/\/fslogo.rwth-aachen.de\/index.php\/wp-json\/wp\/v2\/pages\/930\/revisions\/1525"}],"wp:attachment":[{"href":"https:\/\/fslogo.rwth-aachen.de\/index.php\/wp-json\/wp\/v2\/media?parent=930"}],"curies":[{"name":"wp","href":"https:\/\/api.w.org\/{rel}","templated":true}]}}