{"id":986,"date":"2022-07-18T01:12:38","date_gmt":"2022-07-17T23:12:38","guid":{"rendered":"https:\/\/fslogo.rwth-aachen.de\/?page_id=986"},"modified":"2023-05-05T11:44:05","modified_gmt":"2023-05-05T09:44:05","slug":"teddybar-krankenhaus","status":"publish","type":"page","link":"https:\/\/fslogo.rwth-aachen.de\/index.php\/teddybar-krankenhaus\/","title":{"rendered":"Teddyb\u00e4r-Krankenhaus"},"content":{"rendered":"\n<p>Das Teddyb\u00e4r-Krankenhaus wir von der <a href=\"https:\/\/www.fsmed-aachen.de\/die-fachschaft\/projekte\/teddybaerkrankenhaus-aachen\/\" title=\"Fachschaft Medizin\">Fachschaft Medizin<\/a> organisiert. Um Kindern die Angst vor \u00c4rzt:innen und Krankenh\u00e4usern zu nehmen, d\u00fcrfen diese dort ihre Kuscheltiere behandeln lassen.<\/p>\n\n\n\n<p>Wir sind seit 2016 mit einem Stand vertreten und behandeln Kuscheltiere mit Sprach-, Sprech-, Stimm- oder Schluckst\u00f6rungen. D.h. es werden vor allem f\u00fcr die Kinder ansprechende logop\u00e4dische Spiele durchgef\u00fchrt und\/oder Geschichten zur Unterhaltung der Kinder erz\u00e4hlt, um Wartezeiten zu versch\u00f6nern.<\/p>\n\n\n\n<div class=\"wp-block-buttons\">\n<div class=\"wp-block-button\"><a class=\"wp-block-button__link\" href=\"#23\">2023<\/a><\/div>\n\n\n\n<div class=\"wp-block-button is-style-fill\"><a class=\"wp-block-button__link\" href=\"#22\">2022<\/a><\/div>\n\n\n\n<div class=\"wp-block-button is-style-fill\"><a class=\"wp-block-button__link\" href=\"#20\">2020<\/a><\/div>\n<\/div>\n\n\n\n<hr class=\"wp-block-separator\"\/>\n\n\n\n<h2 id=\"23\">2023<\/h2>\n\n\n\n<p>&#8230;Bericht folgt nach der Veranstaltung&#8230;<\/p>\n\n\n\n<div class=\"wp-block-media-text alignwide has-media-on-the-right is-stacked-on-mobile\"><figure class=\"wp-block-media-text__media\"><img loading=\"lazy\" width=\"1004\" height=\"1000\" src=\"https:\/\/fslogo.rwth-aachen.de\/wp-content\/uploads\/2023\/05\/Teddyba\u0308rkrankenhaus-Logo-Logo-1.png\" alt=\"\" class=\"wp-image-2210 size-full\" srcset=\"https:\/\/fslogo.rwth-aachen.de\/wp-content\/uploads\/2023\/05\/Teddyba\u0308rkrankenhaus-Logo-Logo-1.png 1004w, https:\/\/fslogo.rwth-aachen.de\/wp-content\/uploads\/2023\/05\/Teddyba\u0308rkrankenhaus-Logo-Logo-1-300x300.png 300w, https:\/\/fslogo.rwth-aachen.de\/wp-content\/uploads\/2023\/05\/Teddyba\u0308rkrankenhaus-Logo-Logo-1-150x150.png 150w, https:\/\/fslogo.rwth-aachen.de\/wp-content\/uploads\/2023\/05\/Teddyba\u0308rkrankenhaus-Logo-Logo-1-768x765.png 768w\" sizes=\"(max-width: 1004px) 100vw, 1004px\" \/><\/figure><div class=\"wp-block-media-text__content\">\n<p>Aber hier schonmal ein kleiner Teaser&#8230;<\/p>\n\n\n\n<p><\/p>\n\n\n\n<p><\/p>\n\n\n\n<p><\/p>\n\n\n\n<p>und zwar unsere neuen Logo-Sticker f\u00fcrs Teddyb\u00e4rkrankenhaus \ud83d\ude42 <\/p>\n\n\n\n<p><\/p>\n\n\n\n<p><\/p>\n\n\n\n<p><\/p>\n<\/div><\/div>\n\n\n\n<h2 id=\"22\">2022<\/h2>\n\n\n\n<p>Der Logop\u00e4diestand war wieder vertreten.<\/p>\n\n\n\n<figure class=\"wp-block-gallery columns-3 is-cropped\"><ul class=\"blocks-gallery-grid\"><li class=\"blocks-gallery-item\"><figure><img loading=\"lazy\" width=\"480\" height=\"640\" src=\"https:\/\/fslogo.rwth-aachen.de\/wp-content\/uploads\/2022\/11\/GetFileAttachment-3-3.jpg\" alt=\"\" data-id=\"1450\" class=\"wp-image-1450\" srcset=\"https:\/\/fslogo.rwth-aachen.de\/wp-content\/uploads\/2022\/11\/GetFileAttachment-3-3.jpg 480w, https:\/\/fslogo.rwth-aachen.de\/wp-content\/uploads\/2022\/11\/GetFileAttachment-3-3-225x300.jpg 225w\" sizes=\"(max-width: 480px) 100vw, 480px\" \/><figcaption class=\"blocks-gallery-item__caption\">Unser Stand: &#8230;<\/figcaption><\/figure><\/li><li class=\"blocks-gallery-item\"><figure><img loading=\"lazy\" width=\"277\" height=\"482\" src=\"https:\/\/fslogo.rwth-aachen.de\/wp-content\/uploads\/2022\/11\/a.png\" alt=\"\" data-id=\"1455\" data-link=\"https:\/\/fslogo.rwth-aachen.de\/index.php\/teddybar-krankenhaus\/a\/\" class=\"wp-image-1455\" srcset=\"https:\/\/fslogo.rwth-aachen.de\/wp-content\/uploads\/2022\/11\/a.png 277w, https:\/\/fslogo.rwth-aachen.de\/wp-content\/uploads\/2022\/11\/a-172x300.png 172w\" sizes=\"(max-width: 277px) 100vw, 277px\" \/><figcaption class=\"blocks-gallery-item__caption\">mit viel S\u00fc\u00dfem, Spielen, &#8230;<\/figcaption><\/figure><\/li><li class=\"blocks-gallery-item\"><figure><img loading=\"lazy\" width=\"374\" height=\"477\" src=\"https:\/\/fslogo.rwth-aachen.de\/wp-content\/uploads\/2022\/11\/b.png\" alt=\"\" data-id=\"1456\" data-full-url=\"https:\/\/fslogo.rwth-aachen.de\/wp-content\/uploads\/2022\/11\/b.png\" data-link=\"https:\/\/fslogo.rwth-aachen.de\/index.php\/teddybar-krankenhaus\/b\/\" class=\"wp-image-1456\" srcset=\"https:\/\/fslogo.rwth-aachen.de\/wp-content\/uploads\/2022\/11\/b.png 374w, https:\/\/fslogo.rwth-aachen.de\/wp-content\/uploads\/2022\/11\/b-235x300.png 235w\" sizes=\"(max-width: 374px) 100vw, 374px\" \/><figcaption class=\"blocks-gallery-item__caption\">&#8230; Geschichten und Handpuppen.<\/figcaption><\/figure><\/li><li class=\"blocks-gallery-item\"><figure><img loading=\"lazy\" width=\"480\" height=\"640\" src=\"https:\/\/fslogo.rwth-aachen.de\/wp-content\/uploads\/2022\/11\/GetFileAttachment-4-4.jpg\" alt=\"\" data-id=\"1452\" data-link=\"https:\/\/fslogo.rwth-aachen.de\/index.php\/teddybar-krankenhaus\/getfileattachment-4-4\/\" class=\"wp-image-1452\" srcset=\"https:\/\/fslogo.rwth-aachen.de\/wp-content\/uploads\/2022\/11\/GetFileAttachment-4-4.jpg 480w, https:\/\/fslogo.rwth-aachen.de\/wp-content\/uploads\/2022\/11\/GetFileAttachment-4-4-225x300.jpg 225w\" sizes=\"(max-width: 480px) 100vw, 480px\" \/><figcaption class=\"blocks-gallery-item__caption\">unsere diesj\u00e4hrigen T-Shirts<\/figcaption><\/figure><\/li><\/ul><figcaption class=\"blocks-gallery-caption\">kleine Sammlung an Einblicken<\/figcaption><\/figure>\n\n\n\n<hr class=\"wp-block-separator\"\/>\n\n\n\n<h2 id=\"20\">2020<\/h2>\n\n\n\n<figure class=\"wp-block-gallery columns-3 is-cropped\"><ul class=\"blocks-gallery-grid\"><li class=\"blocks-gallery-item\"><figure><img loading=\"lazy\" width=\"558\" height=\"741\" src=\"https:\/\/fslogo.rwth-aachen.de\/wp-content\/uploads\/2022\/10\/Teddyba\u0308r-KH.png\" alt=\"\" data-id=\"1123\" class=\"wp-image-1123\" srcset=\"https:\/\/fslogo.rwth-aachen.de\/wp-content\/uploads\/2022\/10\/Teddyba\u0308r-KH.png 558w, https:\/\/fslogo.rwth-aachen.de\/wp-content\/uploads\/2022\/10\/Teddyba\u0308r-KH-226x300.png 226w\" sizes=\"(max-width: 558px) 100vw, 558px\" \/><\/figure><\/li><li class=\"blocks-gallery-item\"><figure><img loading=\"lazy\" width=\"1024\" height=\"764\" src=\"https:\/\/fslogo.rwth-aachen.de\/wp-content\/uploads\/2022\/10\/Teddyba\u0308r_KH2-1024x764.png\" alt=\"\" data-id=\"1125\" data-link=\"https:\/\/fslogo.rwth-aachen.de\/index.php\/teddybar-krankenhaus\/teddyba%cc%88r_kh2\/\" class=\"wp-image-1125\" srcset=\"https:\/\/fslogo.rwth-aachen.de\/wp-content\/uploads\/2022\/10\/Teddyba\u0308r_KH2-1024x764.png 1024w, https:\/\/fslogo.rwth-aachen.de\/wp-content\/uploads\/2022\/10\/Teddyba\u0308r_KH2-300x224.png 300w, https:\/\/fslogo.rwth-aachen.de\/wp-content\/uploads\/2022\/10\/Teddyba\u0308r_KH2-768x573.png 768w, https:\/\/fslogo.rwth-aachen.de\/wp-content\/uploads\/2022\/10\/Teddyba\u0308r_KH2.png 1206w\" sizes=\"(max-width: 1024px) 100vw, 1024px\" \/><\/figure><\/li><li class=\"blocks-gallery-item\"><figure><img loading=\"lazy\" width=\"1024\" height=\"763\" src=\"https:\/\/fslogo.rwth-aachen.de\/wp-content\/uploads\/2022\/10\/Teddyba\u0308r_KH3-1-1024x763.png\" alt=\"\" data-id=\"1126\" data-full-url=\"https:\/\/fslogo.rwth-aachen.de\/wp-content\/uploads\/2022\/10\/Teddyba\u0308r_KH3-1.png\" data-link=\"https:\/\/fslogo.rwth-aachen.de\/index.php\/teddybar-krankenhaus\/teddyba%cc%88r_kh3-1\/\" class=\"wp-image-1126\" srcset=\"https:\/\/fslogo.rwth-aachen.de\/wp-content\/uploads\/2022\/10\/Teddyba\u0308r_KH3-1-1024x763.png 1024w, https:\/\/fslogo.rwth-aachen.de\/wp-content\/uploads\/2022\/10\/Teddyba\u0308r_KH3-1-300x224.png 300w, https:\/\/fslogo.rwth-aachen.de\/wp-content\/uploads\/2022\/10\/Teddyba\u0308r_KH3-1-768x572.png 768w, https:\/\/fslogo.rwth-aachen.de\/wp-content\/uploads\/2022\/10\/Teddyba\u0308r_KH3-1.png 1208w\" sizes=\"(max-width: 1024px) 100vw, 1024px\" \/><\/figure><\/li><\/ul><figcaption class=\"blocks-gallery-caption\">Eindr\u00fccke des Logo-Stands beim Teddyb\u00e4rkrankenhaus 2020<\/figcaption><\/figure>\n","protected":false},"excerpt":{"rendered":"<p>Das Teddyb\u00e4r-Krankenhaus wir von der Fachschaft Medizin organisiert. Um Kindern die Angst vor \u00c4rzt:innen und Krankenh\u00e4usern zu nehmen, d\u00fcrfen diese dort ihre Kuscheltiere behandeln lassen. Wir sind seit 2016 mit einem Stand vertreten und behandeln Kuscheltiere mit Sprach-, Sprech-, Stimm- oder Schluckst\u00f6rungen. D.h. es werden vor allem f\u00fcr die Kinder [&hellip;]<\/p>\n","protected":false},"author":9,"featured_media":2204,"parent":0,"menu_order":0,"comment_status":"closed","ping_status":"closed","template":"","meta":[],"aioseo_notices":[],"_links":{"self":[{"href":"https:\/\/fslogo.rwth-aachen.de\/index.php\/wp-json\/wp\/v2\/pages\/986"}],"collection":[{"href":"https:\/\/fslogo.rwth-aachen.de\/index.php\/wp-json\/wp\/v2\/pages"}],"about":[{"href":"https:\/\/fslogo.rwth-aachen.de\/index.php\/wp-json\/wp\/v2\/types\/page"}],"author":[{"embeddable":true,"href":"https:\/\/fslogo.rwth-aachen.de\/index.php\/wp-json\/wp\/v2\/users\/9"}],"replies":[{"embeddable":true,"href":"https:\/\/fslogo.rwth-aachen.de\/index.php\/wp-json\/wp\/v2\/comments?post=986"}],"version-history":[{"count":11,"href":"https:\/\/fslogo.rwth-aachen.de\/index.php\/wp-json\/wp\/v2\/pages\/986\/revisions"}],"predecessor-version":[{"id":2214,"href":"https:\/\/fslogo.rwth-aachen.de\/index.php\/wp-json\/wp\/v2\/pages\/986\/revisions\/2214"}],"wp:featuredmedia":[{"embeddable":true,"href":"https:\/\/fslogo.rwth-aachen.de\/index.php\/wp-json\/wp\/v2\/media\/2204"}],"wp:attachment":[{"href":"https:\/\/fslogo.rwth-aachen.de\/index.php\/wp-json\/wp\/v2\/media?parent=986"}],"curies":[{"name":"wp","href":"https:\/\/api.w.org\/{rel}","templated":true}]}}